{"id":11,"date":"2023-09-14T04:37:31","date_gmt":"2023-09-14T04:37:31","guid":{"rendered":"https:\/\/follow-me-dogs.ch\/?page_id=11"},"modified":"2026-02-06T13:36:53","modified_gmt":"2026-02-06T13:36:53","slug":"philisophie","status":"publish","type":"page","link":"https:\/\/follow-me-dogs.ch\/?page_id=11","title":{"rendered":"Philosophie"},"content":{"rendered":"\n<p><\/p>\n\n\n\n<p>Hunde sind hochsoziale Lebewesen \u2013 sie ben\u00f6tigen Struktur, verl\u00e4ssliche Beziehungen &amp; Vorhersehbarkeit im Sozialverband.\u00a0Erziehung ist also mehr als Dressur \u2013 es geht um soziale Integration und das Wohlbefinden des Hundes. Klare Regeln geben Sicherheit und sind ein Zeichen der Wertsch\u00e4tzung. <br>Man kann einem Hund also kein sch\u00f6neres Geschenk machen, als ihn entspannt, klar und fair zu f\u00fchren. <\/p>\n\n\n\n<p>Ich m\u00f6chte das Zusammengeh\u00f6rigkeitsgef\u00fchl von Mensch und Hund st\u00e4rken und ein friedliches, entspanntes und fr\u00f6hliches Miteinander f\u00f6rdern.<\/p>\n\n\n\n<p class=\"has-text-align-center\"><strong>Kontakt:<\/strong> <\/p>\n\n\n\n<p class=\"has-text-align-center\"><strong>e:&nbsp;<\/strong>info@follow-me-dogs.ch<\/p>\n\n\n\n<figure class=\"wp-block-image size-large is-resized\"><img loading=\"lazy\" decoding=\"async\" width=\"1022\" height=\"1024\" src=\"https:\/\/follow-me-dogs.ch\/wp-content\/uploads\/2024\/04\/logo-rund-1022x1024.png\" alt=\"\" class=\"wp-image-77\" style=\"width:596px;height:auto\" srcset=\"https:\/\/follow-me-dogs.ch\/wp-content\/uploads\/2024\/04\/logo-rund-1022x1024.png 1022w, https:\/\/follow-me-dogs.ch\/wp-content\/uploads\/2024\/04\/logo-rund-300x300.png 300w, https:\/\/follow-me-dogs.ch\/wp-content\/uploads\/2024\/04\/logo-rund-150x150.png 150w, https:\/\/follow-me-dogs.ch\/wp-content\/uploads\/2024\/04\/logo-rund-768x769.png 768w, https:\/\/follow-me-dogs.ch\/wp-content\/uploads\/2024\/04\/logo-rund-1533x1536.png 1533w, https:\/\/follow-me-dogs.ch\/wp-content\/uploads\/2024\/04\/logo-rund-2044x2048.png 2044w, https:\/\/follow-me-dogs.ch\/wp-content\/uploads\/2024\/04\/logo-rund-1568x1571.png 1568w\" sizes=\"(max-width: 1022px) 100vw, 1022px\" \/><\/figure>\n","protected":false},"excerpt":{"rendered":"<p>Hunde sind hochsoziale Lebewesen \u2013 sie ben\u00f6tigen Struktur, verl\u00e4ssliche Beziehungen &amp; Vorhersehbarkeit im Sozialverband.\u00a0Erziehung ist also mehr als Dressur \u2013 es geht um soziale Integration und das Wohlbefinden des Hundes. Klare Regeln geben Sicherheit und sind ein Zeichen der Wertsch\u00e4tzung. Man kann einem Hund also kein sch\u00f6neres Geschenk machen, als ihn entspannt, klar und fair&hellip; <a class=\"more-link\" href=\"https:\/\/follow-me-dogs.ch\/?page_id=11\">Continue reading <span class=\"screen-reader-text\">Philosophie<\/span><\/a><\/p>\n","protected":false},"author":3,"featured_media":0,"parent":0,"menu_order":0,"comment_status":"closed","ping_status":"closed","template":"","meta":{"footnotes":""},"class_list":["post-11","page","type-page","status-publish","hentry","entry"],"yoast_head":"<!-- This site is optimized with the Yoast SEO plugin v23.3 - https:\/\/yoast.com\/wordpress\/plugins\/seo\/ -->\n<title>follow-me-dogs.ch, philosophie<\/title>\n<meta name=\"description\" content=\"Hunder\u00fcden, Hundezicken, Leinenp\u00f6bler, \u00c4ngstlicherHund, Hundepsyche, Hundeerziehung, HundeHormone, Hunderudel, Hundw\u00fcnschtsich, Hundef\u00f6rderung, HundeRegeln, HundeGesundheit, Hundebindung, Hundewelpen, Junghund, Hundecoaching, Hundekonsequenz, Hundekommandos, Hundef\u00fctterung, Hundetrainer, Hundef\u00fchrung, Hundetrainerin, Hundetrainer, Bulldogge, Mops, Frenchbulldog, Malinois, Bergamasker, Dackel, Winterthur, russischerTerrier, BostonTerrier, HundeschuleWinterthur, Hundeschule, Rottweiler, Pudel, HundetrainerWinterthur, HundeWinterthur, ClaudiaRindler, MarcelvonArx, FollowMeDogs, FollowMe, Dogs, Follow, Entspannt, Klar, Fair, Hundecoach, SocialWalks, praktischeHundeausbildung, SocialWalksHunde, Hundeausbildung, Hunderesozialisieren, Resozialisieren, Erziehungskurs, Hundelektionen, Lektionen, HundWinterthur, Bewilligung, MenschHundTeam, Junghundekurse, Erziehungskurse, Einzeltraining, Hundetraining,\" \/>\n<meta name=\"robots\" content=\"index, follow, max-snippet:-1, max-image-preview:large, max-video-preview:-1\" \/>\n<link rel=\"canonical\" href=\"https:\/\/follow-me-dogs.ch\/?page_id=11\" \/>\n<meta property=\"og:locale\" content=\"en_US\" \/>\n<meta property=\"og:type\" content=\"article\" \/>\n<meta property=\"og:title\" content=\"follow-me-dogs.ch, philosophie\" \/>\n<meta property=\"og:description\" content=\"Hunder\u00fcden, Hundezicken, Leinenp\u00f6bler, \u00c4ngstlicherHund, Hundepsyche, Hundeerziehung, HundeHormone, Hunderudel, Hundw\u00fcnschtsich, Hundef\u00f6rderung, HundeRegeln, HundeGesundheit, Hundebindung, Hundewelpen, Junghund, Hundecoaching, Hundekonsequenz, Hundekommandos, Hundef\u00fctterung, Hundetrainer, Hundef\u00fchrung, Hundetrainerin, Hundetrainer, Bulldogge, Mops, Frenchbulldog, Malinois, Bergamasker, Dackel, Winterthur, russischerTerrier, BostonTerrier, HundeschuleWinterthur, Hundeschule, Rottweiler, Pudel, HundetrainerWinterthur, HundeWinterthur, ClaudiaRindler, MarcelvonArx, FollowMeDogs, FollowMe, Dogs, Follow, Entspannt, Klar, Fair, Hundecoach, SocialWalks, praktischeHundeausbildung, SocialWalksHunde, Hundeausbildung, Hunderesozialisieren, Resozialisieren, Erziehungskurs, Hundelektionen, Lektionen, HundWinterthur, Bewilligung, MenschHundTeam, Junghundekurse, Erziehungskurse, Einzeltraining, Hundetraining,\" \/>\n<meta property=\"og:url\" content=\"https:\/\/follow-me-dogs.ch\/?page_id=11\" \/>\n<meta property=\"og:site_name\" content=\"Willkommen\" \/>\n<meta property=\"article:modified_time\" content=\"2026-02-06T13:36:53+00:00\" \/>\n<meta property=\"og:image\" content=\"https:\/\/follow-me-dogs.ch\/wp-content\/uploads\/2024\/04\/logo-rund-1022x1024.png\" \/>\n<meta name=\"twitter:card\" content=\"summary_large_image\" \/>\n<meta name=\"twitter:label1\" content=\"Est. reading time\" \/>\n\t<meta name=\"twitter:data1\" content=\"1 minute\" \/>\n<script type=\"application\/ld+json\" class=\"yoast-schema-graph\">{\"@context\":\"https:\/\/schema.org\",\"@graph\":[{\"@type\":\"WebPage\",\"@id\":\"https:\/\/follow-me-dogs.ch\/?page_id=11\",\"url\":\"https:\/\/follow-me-dogs.ch\/?page_id=11\",\"name\":\"follow-me-dogs.ch, philosophie\",\"isPartOf\":{\"@id\":\"https:\/\/follow-me-dogs.ch\/#website\"},\"primaryImageOfPage\":{\"@id\":\"https:\/\/follow-me-dogs.ch\/?page_id=11#primaryimage\"},\"image\":{\"@id\":\"https:\/\/follow-me-dogs.ch\/?page_id=11#primaryimage\"},\"thumbnailUrl\":\"https:\/\/follow-me-dogs.ch\/wp-content\/uploads\/2024\/04\/logo-rund-1022x1024.png\",\"datePublished\":\"2023-09-14T04:37:31+00:00\",\"dateModified\":\"2026-02-06T13:36:53+00:00\",\"description\":\"Hunder\u00fcden, Hundezicken, Leinenp\u00f6bler, \u00c4ngstlicherHund, Hundepsyche, Hundeerziehung, HundeHormone, Hunderudel, Hundw\u00fcnschtsich, Hundef\u00f6rderung, HundeRegeln, HundeGesundheit, Hundebindung, Hundewelpen, Junghund, Hundecoaching, Hundekonsequenz, Hundekommandos, Hundef\u00fctterung, Hundetrainer, Hundef\u00fchrung, Hundetrainerin, Hundetrainer, Bulldogge, Mops, Frenchbulldog, Malinois, Bergamasker, Dackel, Winterthur, russischerTerrier, BostonTerrier, HundeschuleWinterthur, Hundeschule, Rottweiler, Pudel, HundetrainerWinterthur, HundeWinterthur, ClaudiaRindler, MarcelvonArx, FollowMeDogs, FollowMe, Dogs, Follow, Entspannt, Klar, Fair, Hundecoach, SocialWalks, praktischeHundeausbildung, SocialWalksHunde, Hundeausbildung, Hunderesozialisieren, Resozialisieren, Erziehungskurs, Hundelektionen, Lektionen, HundWinterthur, Bewilligung, MenschHundTeam, Junghundekurse, Erziehungskurse, Einzeltraining, Hundetraining,\",\"breadcrumb\":{\"@id\":\"https:\/\/follow-me-dogs.ch\/?page_id=11#breadcrumb\"},\"inLanguage\":\"en-US\",\"potentialAction\":[{\"@type\":\"ReadAction\",\"target\":[\"https:\/\/follow-me-dogs.ch\/?page_id=11\"]}]},{\"@type\":\"ImageObject\",\"inLanguage\":\"en-US\",\"@id\":\"https:\/\/follow-me-dogs.ch\/?page_id=11#primaryimage\",\"url\":\"https:\/\/follow-me-dogs.ch\/wp-content\/uploads\/2024\/04\/logo-rund.png\",\"contentUrl\":\"https:\/\/follow-me-dogs.ch\/wp-content\/uploads\/2024\/04\/logo-rund.png\",\"width\":3825,\"height\":3832},{\"@type\":\"BreadcrumbList\",\"@id\":\"https:\/\/follow-me-dogs.ch\/?page_id=11#breadcrumb\",\"itemListElement\":[{\"@type\":\"ListItem\",\"position\":1,\"name\":\"Home\",\"item\":\"https:\/\/follow-me-dogs.ch\/\"},{\"@type\":\"ListItem\",\"position\":2,\"name\":\"Philosophie\"}]},{\"@type\":\"WebSite\",\"@id\":\"https:\/\/follow-me-dogs.ch\/#website\",\"url\":\"https:\/\/follow-me-dogs.ch\/\",\"name\":\"follow-me-dogs.ch\",\"description\":\"Kontakt: info@follow-me-dogs.ch\",\"publisher\":{\"@id\":\"https:\/\/follow-me-dogs.ch\/#organization\"},\"potentialAction\":[{\"@type\":\"SearchAction\",\"target\":{\"@type\":\"EntryPoint\",\"urlTemplate\":\"https:\/\/follow-me-dogs.ch\/?s={search_term_string}\"},\"query-input\":\"required name=search_term_string\"}],\"inLanguage\":\"en-US\"},{\"@type\":\"Organization\",\"@id\":\"https:\/\/follow-me-dogs.ch\/#organization\",\"name\":\"follow-me-dogs.ch\",\"url\":\"https:\/\/follow-me-dogs.ch\/\",\"logo\":{\"@type\":\"ImageObject\",\"inLanguage\":\"en-US\",\"@id\":\"https:\/\/follow-me-dogs.ch\/#\/schema\/logo\/image\/\",\"url\":\"https:\/\/follow-me-dogs.ch\/wp-content\/uploads\/2023\/09\/logo-1-1.png\",\"contentUrl\":\"https:\/\/follow-me-dogs.ch\/wp-content\/uploads\/2023\/09\/logo-1-1.png\",\"width\":873,\"height\":908,\"caption\":\"follow-me-dogs.ch\"},\"image\":{\"@id\":\"https:\/\/follow-me-dogs.ch\/#\/schema\/logo\/image\/\"}}]}<\/script>\n<!-- \/ Yoast SEO plugin. -->","yoast_head_json":{"title":"follow-me-dogs.ch, philosophie","description":"Hunder\u00fcden, Hundezicken, Leinenp\u00f6bler, \u00c4ngstlicherHund, Hundepsyche, Hundeerziehung, HundeHormone, Hunderudel, Hundw\u00fcnschtsich, Hundef\u00f6rderung, HundeRegeln, HundeGesundheit, Hundebindung, Hundewelpen, Junghund, Hundecoaching, Hundekonsequenz, Hundekommandos, Hundef\u00fctterung, Hundetrainer, Hundef\u00fchrung, Hundetrainerin, Hundetrainer, Bulldogge, Mops, Frenchbulldog, Malinois, Bergamasker, Dackel, Winterthur, russischerTerrier, BostonTerrier, HundeschuleWinterthur, Hundeschule, Rottweiler, Pudel, HundetrainerWinterthur, HundeWinterthur, ClaudiaRindler, MarcelvonArx, FollowMeDogs, FollowMe, Dogs, Follow, Entspannt, Klar, Fair, Hundecoach, SocialWalks, praktischeHundeausbildung, SocialWalksHunde, Hundeausbildung, Hunderesozialisieren, Resozialisieren, Erziehungskurs, Hundelektionen, Lektionen, HundWinterthur, Bewilligung, MenschHundTeam, Junghundekurse, Erziehungskurse, Einzeltraining, Hundetraining,","robots":{"index":"index","follow":"follow","max-snippet":"max-snippet:-1","max-image-preview":"max-image-preview:large","max-video-preview":"max-video-preview:-1"},"canonical":"https:\/\/follow-me-dogs.ch\/?page_id=11","og_locale":"en_US","og_type":"article","og_title":"follow-me-dogs.ch, philosophie","og_description":"Hunder\u00fcden, Hundezicken, Leinenp\u00f6bler, \u00c4ngstlicherHund, Hundepsyche, Hundeerziehung, HundeHormone, Hunderudel, Hundw\u00fcnschtsich, Hundef\u00f6rderung, HundeRegeln, HundeGesundheit, Hundebindung, Hundewelpen, Junghund, Hundecoaching, Hundekonsequenz, Hundekommandos, Hundef\u00fctterung, Hundetrainer, Hundef\u00fchrung, Hundetrainerin, Hundetrainer, Bulldogge, Mops, Frenchbulldog, Malinois, Bergamasker, Dackel, Winterthur, russischerTerrier, BostonTerrier, HundeschuleWinterthur, Hundeschule, Rottweiler, Pudel, HundetrainerWinterthur, HundeWinterthur, ClaudiaRindler, MarcelvonArx, FollowMeDogs, FollowMe, Dogs, Follow, Entspannt, Klar, Fair, Hundecoach, SocialWalks, praktischeHundeausbildung, SocialWalksHunde, Hundeausbildung, Hunderesozialisieren, Resozialisieren, Erziehungskurs, Hundelektionen, Lektionen, HundWinterthur, Bewilligung, MenschHundTeam, Junghundekurse, Erziehungskurse, Einzeltraining, Hundetraining,","og_url":"https:\/\/follow-me-dogs.ch\/?page_id=11","og_site_name":"Willkommen","article_modified_time":"2026-02-06T13:36:53+00:00","og_image":[{"url":"https:\/\/follow-me-dogs.ch\/wp-content\/uploads\/2024\/04\/logo-rund-1022x1024.png"}],"twitter_card":"summary_large_image","twitter_misc":{"Est. reading time":"1 minute"},"schema":{"@context":"https:\/\/schema.org","@graph":[{"@type":"WebPage","@id":"https:\/\/follow-me-dogs.ch\/?page_id=11","url":"https:\/\/follow-me-dogs.ch\/?page_id=11","name":"follow-me-dogs.ch, philosophie","isPartOf":{"@id":"https:\/\/follow-me-dogs.ch\/#website"},"primaryImageOfPage":{"@id":"https:\/\/follow-me-dogs.ch\/?page_id=11#primaryimage"},"image":{"@id":"https:\/\/follow-me-dogs.ch\/?page_id=11#primaryimage"},"thumbnailUrl":"https:\/\/follow-me-dogs.ch\/wp-content\/uploads\/2024\/04\/logo-rund-1022x1024.png","datePublished":"2023-09-14T04:37:31+00:00","dateModified":"2026-02-06T13:36:53+00:00","description":"Hunder\u00fcden, Hundezicken, Leinenp\u00f6bler, \u00c4ngstlicherHund, Hundepsyche, Hundeerziehung, HundeHormone, Hunderudel, Hundw\u00fcnschtsich, Hundef\u00f6rderung, HundeRegeln, HundeGesundheit, Hundebindung, Hundewelpen, Junghund, Hundecoaching, Hundekonsequenz, Hundekommandos, Hundef\u00fctterung, Hundetrainer, Hundef\u00fchrung, Hundetrainerin, Hundetrainer, Bulldogge, Mops, Frenchbulldog, Malinois, Bergamasker, Dackel, Winterthur, russischerTerrier, BostonTerrier, HundeschuleWinterthur, Hundeschule, Rottweiler, Pudel, HundetrainerWinterthur, HundeWinterthur, ClaudiaRindler, MarcelvonArx, FollowMeDogs, FollowMe, Dogs, Follow, Entspannt, Klar, Fair, Hundecoach, SocialWalks, praktischeHundeausbildung, SocialWalksHunde, Hundeausbildung, Hunderesozialisieren, Resozialisieren, Erziehungskurs, Hundelektionen, Lektionen, HundWinterthur, Bewilligung, MenschHundTeam, Junghundekurse, Erziehungskurse, Einzeltraining, Hundetraining,","breadcrumb":{"@id":"https:\/\/follow-me-dogs.ch\/?page_id=11#breadcrumb"},"inLanguage":"en-US","potentialAction":[{"@type":"ReadAction","target":["https:\/\/follow-me-dogs.ch\/?page_id=11"]}]},{"@type":"ImageObject","inLanguage":"en-US","@id":"https:\/\/follow-me-dogs.ch\/?page_id=11#primaryimage","url":"https:\/\/follow-me-dogs.ch\/wp-content\/uploads\/2024\/04\/logo-rund.png","contentUrl":"https:\/\/follow-me-dogs.ch\/wp-content\/uploads\/2024\/04\/logo-rund.png","width":3825,"height":3832},{"@type":"BreadcrumbList","@id":"https:\/\/follow-me-dogs.ch\/?page_id=11#breadcrumb","itemListElement":[{"@type":"ListItem","position":1,"name":"Home","item":"https:\/\/follow-me-dogs.ch\/"},{"@type":"ListItem","position":2,"name":"Philosophie"}]},{"@type":"WebSite","@id":"https:\/\/follow-me-dogs.ch\/#website","url":"https:\/\/follow-me-dogs.ch\/","name":"follow-me-dogs.ch","description":"Kontakt: info@follow-me-dogs.ch","publisher":{"@id":"https:\/\/follow-me-dogs.ch\/#organization"},"potentialAction":[{"@type":"SearchAction","target":{"@type":"EntryPoint","urlTemplate":"https:\/\/follow-me-dogs.ch\/?s={search_term_string}"},"query-input":"required name=search_term_string"}],"inLanguage":"en-US"},{"@type":"Organization","@id":"https:\/\/follow-me-dogs.ch\/#organization","name":"follow-me-dogs.ch","url":"https:\/\/follow-me-dogs.ch\/","logo":{"@type":"ImageObject","inLanguage":"en-US","@id":"https:\/\/follow-me-dogs.ch\/#\/schema\/logo\/image\/","url":"https:\/\/follow-me-dogs.ch\/wp-content\/uploads\/2023\/09\/logo-1-1.png","contentUrl":"https:\/\/follow-me-dogs.ch\/wp-content\/uploads\/2023\/09\/logo-1-1.png","width":873,"height":908,"caption":"follow-me-dogs.ch"},"image":{"@id":"https:\/\/follow-me-dogs.ch\/#\/schema\/logo\/image\/"}}]}},"_links":{"self":[{"href":"https:\/\/follow-me-dogs.ch\/index.php?rest_route=\/wp\/v2\/pages\/11"}],"collection":[{"href":"https:\/\/follow-me-dogs.ch\/index.php?rest_route=\/wp\/v2\/pages"}],"about":[{"href":"https:\/\/follow-me-dogs.ch\/index.php?rest_route=\/wp\/v2\/types\/page"}],"author":[{"embeddable":true,"href":"https:\/\/follow-me-dogs.ch\/index.php?rest_route=\/wp\/v2\/users\/3"}],"replies":[{"embeddable":true,"href":"https:\/\/follow-me-dogs.ch\/index.php?rest_route=%2Fwp%2Fv2%2Fcomments&post=11"}],"version-history":[{"count":20,"href":"https:\/\/follow-me-dogs.ch\/index.php?rest_route=\/wp\/v2\/pages\/11\/revisions"}],"predecessor-version":[{"id":222,"href":"https:\/\/follow-me-dogs.ch\/index.php?rest_route=\/wp\/v2\/pages\/11\/revisions\/222"}],"wp:attachment":[{"href":"https:\/\/follow-me-dogs.ch\/index.php?rest_route=%2Fwp%2Fv2%2Fmedia&parent=11"}],"curies":[{"name":"wp","href":"https:\/\/api.w.org\/{rel}","templated":true}]}}