{"id":13,"date":"2023-09-14T17:11:11","date_gmt":"2023-09-14T17:11:11","guid":{"rendered":"https:\/\/follow-me-dogs.ch\/?page_id=13"},"modified":"2026-01-27T18:24:34","modified_gmt":"2026-01-27T18:24:34","slug":"angebot","status":"publish","type":"page","link":"https:\/\/follow-me-dogs.ch\/?page_id=13","title":{"rendered":"Angebot"},"content":{"rendered":"\n<p>Ziel ist eine harmonische Mensch-Hunde Beziehung<\/p>\n\n\n\n<p>Dazu braucht es eine klare Kommunikation-verbal und vor allem non-verbal. Auch in der Hund-Mensch Beziehung m\u00fcssen Dinge gekl\u00e4rt werden. Wir sorgen daf\u00fcr, dass du den Hund verstehst und er dich. <\/p>\n\n\n\n<figure class=\"wp-block-image size-large is-resized is-style-rounded\"><img loading=\"lazy\" decoding=\"async\" width=\"768\" height=\"1024\" src=\"https:\/\/follow-me-dogs.ch\/wp-content\/uploads\/2023\/09\/IMG_3935-768x1024.jpeg\" alt=\"\" class=\"wp-image-60\" style=\"width:457px;height:609px\" srcset=\"https:\/\/follow-me-dogs.ch\/wp-content\/uploads\/2023\/09\/IMG_3935-768x1024.jpeg 768w, https:\/\/follow-me-dogs.ch\/wp-content\/uploads\/2023\/09\/IMG_3935-225x300.jpeg 225w, https:\/\/follow-me-dogs.ch\/wp-content\/uploads\/2023\/09\/IMG_3935-1152x1536.jpeg 1152w, https:\/\/follow-me-dogs.ch\/wp-content\/uploads\/2023\/09\/IMG_3935-1536x2048.jpeg 1536w, https:\/\/follow-me-dogs.ch\/wp-content\/uploads\/2023\/09\/IMG_3935-1568x2091.jpeg 1568w, https:\/\/follow-me-dogs.ch\/wp-content\/uploads\/2023\/09\/IMG_3935-scaled.jpeg 1920w\" sizes=\"(max-width: 768px) 100vw, 768px\" \/><\/figure>\n\n\n\n<p>Ich unterst\u00fctze dich gerne dabei, den Alltag mit deinem Hund f\u00fcr euch beide optimal zu gestalten. Ich m\u00f6chte dir helfen, den nat\u00fcrlich, entspannten Zugang zu deinem Hund zu finden und die Intuition zu entwickeln eine ausgeglichene \u201eNormalit\u00e4t\u201c im Umgang mit deinem Hund zu schaffen.<\/p>\n\n\n\n<p><strong>Social Walk<\/strong><\/p>\n\n\n\n<p>Beim Social Walk entdeckt dein Hund, dass er entspannt, freundlich und vergn\u00fcgt zusammen mit Artgenossen die Gegend erkunden kann. Er soll sich an dir orientieren und gleichzeitig positive Rudelerfahrungen sammeln.<\/p>\n\n\n\n<figure class=\"wp-block-image size-large\"><img loading=\"lazy\" decoding=\"async\" width=\"1024\" height=\"460\" src=\"https:\/\/follow-me-dogs.ch\/wp-content\/uploads\/2023\/09\/Ohne-Titel-2-2-1024x460.png\" alt=\"\" class=\"wp-image-58\" srcset=\"https:\/\/follow-me-dogs.ch\/wp-content\/uploads\/2023\/09\/Ohne-Titel-2-2-1024x460.png 1024w, https:\/\/follow-me-dogs.ch\/wp-content\/uploads\/2023\/09\/Ohne-Titel-2-2-300x135.png 300w, https:\/\/follow-me-dogs.ch\/wp-content\/uploads\/2023\/09\/Ohne-Titel-2-2-768x345.png 768w, https:\/\/follow-me-dogs.ch\/wp-content\/uploads\/2023\/09\/Ohne-Titel-2-2-1536x689.png 1536w, https:\/\/follow-me-dogs.ch\/wp-content\/uploads\/2023\/09\/Ohne-Titel-2-2-2048x919.png 2048w, https:\/\/follow-me-dogs.ch\/wp-content\/uploads\/2023\/09\/Ohne-Titel-2-2-1568x704.png 1568w\" sizes=\"(max-width: 1024px) 100vw, 1024px\" \/><\/figure>\n\n\n\n<p>Verschiedene Kombinationsm\u00f6glichkeiten von Einzellektionen mit Kleingruppentrainings und Social Walks bieten dir und deinem Hund eine optimale, individuelle Lernerfahrung.&nbsp;<\/p>\n\n\n\n<figure class=\"wp-block-image size-large\"><img loading=\"lazy\" decoding=\"async\" width=\"1024\" height=\"460\" src=\"https:\/\/follow-me-dogs.ch\/wp-content\/uploads\/2023\/09\/Ohne-Titel-4-1024x460.png\" alt=\"\" class=\"wp-image-57\" srcset=\"https:\/\/follow-me-dogs.ch\/wp-content\/uploads\/2023\/09\/Ohne-Titel-4-1024x460.png 1024w, https:\/\/follow-me-dogs.ch\/wp-content\/uploads\/2023\/09\/Ohne-Titel-4-300x135.png 300w, https:\/\/follow-me-dogs.ch\/wp-content\/uploads\/2023\/09\/Ohne-Titel-4-768x345.png 768w, https:\/\/follow-me-dogs.ch\/wp-content\/uploads\/2023\/09\/Ohne-Titel-4-1536x691.png 1536w, https:\/\/follow-me-dogs.ch\/wp-content\/uploads\/2023\/09\/Ohne-Titel-4-2048x921.png 2048w, https:\/\/follow-me-dogs.ch\/wp-content\/uploads\/2023\/09\/Ohne-Titel-4-1568x705.png 1568w\" sizes=\"(max-width: 1024px) 100vw, 1024px\" \/><\/figure>\n\n\n\n<p><\/p>\n\n\n\n<p><strong>Kosten:<\/strong><\/p>\n\n\n\n<p><strong>Social Walk<\/strong>: 30.- \/ ca 1 h &#8211;<\/p>\n\n\n\n<hr class=\"wp-block-separator has-alpha-channel-opacity\"\/>\n\n\n\n<hr class=\"wp-block-separator has-alpha-channel-opacity\"\/>\n\n\n\n<p><strong>Praxis Walk<\/strong> (Obligatorischer Kantonaler Praxiskurs ) <\/p>\n\n\n\n<p>Meine Kurse sind vom Veterin\u00e4ramt Z\u00fcrich anerkannt. In diesen Kursen lernt dein Hund mit dir zusammen alles, was standardm\u00e4ssig von dir und deinem Hund als Team erwartet wird. Dabei behalten wir immer den artgerechten Umgang im Fokus.<\/p>\n\n\n\n<p>Beginnen kannst du mit diesem Kurs ab Vollendung des sechsten Monates deines Hundes bis sp\u00e4testens 12 Monate nach dessen Anschaffung.<\/p>\n\n\n\n<p><strong>Themenschwerpunkte:<\/strong><\/p>\n\n\n\n<ul class=\"wp-block-list\">\n<li>F\u00f6rderung der Bindung und der Beziehung<\/li>\n\n\n\n<li>Erkennen und Verstehen der K\u00f6rpersprache des Hundes<\/li>\n\n\n\n<li>Bef\u00e4higung der Hundehaltenden zur Grunderziehung des Hundes<\/li>\n\n\n\n<li>Tiergerechtes und sicheres F\u00fchren auch in anspruchvollen Situationen<\/li>\n\n\n\n<li>Vermittlung der Methoden zur Maulkorbgew\u00f6hnung<\/li>\n<\/ul>\n\n\n\n<p>Vorgegeben sind mind. 6 Lektionan \u00e0 60min. Die Lernziele der praktischen Hundeausbildung sind anspruchsvoll. Und lassen sich in den vorgeschriebenen sechs Lektionen kaum erreichen. Ggf. m\u00fcssen zus\u00e4tzliche Lektionen besucht werden. <strong>Ich werde dich und deinen Hund sicher durch diese Stunden f\u00fchren, damit ihr gemeinsam die vom Kanton vorgegebenen Lernziele erreichen k\u00f6nnt<\/strong>.<\/p>\n\n\n\n<p>Alles rund um den <strong>kantonalen Praxiskurs <\/strong>findest du im offiziellen Booklet vom Veterin\u00e4ramt &#8220;Hundeausbildung&#8221;. <\/p>\n\n\n\n<p><strong>F\u00fcr die\u00a0Anmeldung &amp; Infos<\/strong>, nimm bitte Kontakt mit mir auf:<\/p>\n\n\n\n<p>e:\u00a0info@follow-me-dogs.ch<\/p>\n\n\n\n<p><strong>Preise:<\/strong><\/p>\n\n\n\n<p>Gruppenkurs CHF 50.- \/ Lektion<\/p>\n\n\n\n<p>Einzellektion: 120.-\/ 1 h &#8211; Raum Winterthur, -weitere Distanzen nach Absprache<\/p>\n\n\n\n<p><\/p>\n\n\n\n<p><strong>Gut zu wissen:<\/strong><\/p>\n\n\n\n<p>Sollte dein Hund auf Grund Angst oder auch eher aggressives Verhalten gegen\u00fcber anderen Hunden oder Menschen Probleme haben, in einer Hundegruppe zu trainieren, dann melde Dich einfach, wir werden in Ruhe eine individuelle L\u00f6sung finden, wie du mit deinem Hund die kantonalen Lernziele erreichen kannst.<\/p>\n\n\n\n<p>Der Praxis Walk kann auch komplett als&nbsp;<strong>Einzellektionen<\/strong>&nbsp;gebucht werden. <\/p>\n\n\n\n<p><\/p>\n\n\n\n<figure class=\"wp-block-image size-large\"><img loading=\"lazy\" decoding=\"async\" width=\"1024\" height=\"474\" src=\"https:\/\/follow-me-dogs.ch\/wp-content\/uploads\/2023\/09\/Ohne-Titel-5-1024x474.png\" alt=\"\" class=\"wp-image-59\" srcset=\"https:\/\/follow-me-dogs.ch\/wp-content\/uploads\/2023\/09\/Ohne-Titel-5-1024x474.png 1024w, https:\/\/follow-me-dogs.ch\/wp-content\/uploads\/2023\/09\/Ohne-Titel-5-300x139.png 300w, https:\/\/follow-me-dogs.ch\/wp-content\/uploads\/2023\/09\/Ohne-Titel-5-768x356.png 768w, https:\/\/follow-me-dogs.ch\/wp-content\/uploads\/2023\/09\/Ohne-Titel-5-1536x711.png 1536w, https:\/\/follow-me-dogs.ch\/wp-content\/uploads\/2023\/09\/Ohne-Titel-5-2048x948.png 2048w, https:\/\/follow-me-dogs.ch\/wp-content\/uploads\/2023\/09\/Ohne-Titel-5-1568x726.png 1568w\" sizes=\"(max-width: 1024px) 100vw, 1024px\" \/><\/figure>\n\n\n\n<p><\/p>\n\n\n\n<p><strong>Termine:<\/strong><\/p>\n\n\n\n<p>aktuell finden die Walks fix immer am Donnerstagmorgen (8.40- 9.40) in Winterthur statt.<\/p>\n\n\n\n<p>Weitere Walks sind in Planung. Unter anderem plane ich eine Gruppe f\u00fcr Montagmorgen.<\/p>\n\n\n\n<p>Einzellektionen sind nach Absprache buchbar.<\/p>\n\n\n\n<p><strong>F\u00fcr die\u00a0Anmeldung &amp; Infos<\/strong>, nimm bitte Kontakt mit mir auf:<\/p>\n\n\n\n<p>e:\u00a0info@follow-me-dogs.ch<\/p>\n\n\n\n<p> <br><\/p>\n\n\n\n<p><\/p>\n","protected":false},"excerpt":{"rendered":"<p>Ziel ist eine harmonische Mensch-Hunde Beziehung Dazu braucht es eine klare Kommunikation-verbal und vor allem non-verbal. Auch in der Hund-Mensch Beziehung m\u00fcssen Dinge gekl\u00e4rt werden. Wir sorgen daf\u00fcr, dass du den Hund verstehst und er dich. Ich unterst\u00fctze dich gerne dabei, den Alltag mit deinem Hund f\u00fcr euch beide optimal zu gestalten. Ich m\u00f6chte dir&hellip; <a class=\"more-link\" href=\"https:\/\/follow-me-dogs.ch\/?page_id=13\">Continue reading <span class=\"screen-reader-text\">Angebot<\/span><\/a><\/p>\n","protected":false},"author":3,"featured_media":0,"parent":0,"menu_order":0,"comment_status":"closed","ping_status":"closed","template":"","meta":{"footnotes":""},"class_list":["post-13","page","type-page","status-publish","hentry","entry"],"yoast_head":"<!-- This site is optimized with the Yoast SEO plugin v23.3 - https:\/\/yoast.com\/wordpress\/plugins\/seo\/ -->\n<title>follow-me-dogs.ch, angebot<\/title>\n<meta name=\"description\" content=\"Hunder\u00fcden, Hundezicken, Leinenp\u00f6bler, \u00c4ngstlicherHund, Hundepsyche, Hundeerziehung, HundeHormone, Hunderudel, Hundw\u00fcnschtsich, Hundef\u00f6rderung, HundeRegeln, HundeGesundheit, Hundebindung, Hundewelpen, Junghund, Hundecoaching, Hundekonsequenz, Hundekommandos, Hundef\u00fctterung, Hundetrainer, Hundef\u00fchrung, Hundetrainerin, Hundetrainer, Bulldogge, Mops, Frenchbulldog, Malinois, Bergamasker, Dackel, Winterthur, russischerTerrier, BostonTerrier, HundeschuleWinterthur, Hundeschule, Rottweiler, Pudel, HundetrainerWinterthur, HundeWinterthur, ClaudiaRindler, MarcelvonArx, FollowMeDogs, FollowMe, Dogs, Follow, Entspannt, Klar, Fair, Hundecoach, SocialWalks, praktischeHundeausbildung, SocialWalksHunde, Hundeausbildung, Hunderesozialisieren, Resozialisieren, Erziehungskurs, Hundelektionen, Lektionen, HundWinterthur, Bewilligung, MenschHundTeam, Junghundekurse, Erziehungskurse, Einzeltraining, Hundetraining,\" \/>\n<meta name=\"robots\" content=\"index, follow, max-snippet:-1, max-image-preview:large, max-video-preview:-1\" \/>\n<link rel=\"canonical\" href=\"https:\/\/follow-me-dogs.ch\/?page_id=13\" \/>\n<meta property=\"og:locale\" content=\"en_US\" \/>\n<meta property=\"og:type\" content=\"article\" \/>\n<meta property=\"og:title\" content=\"follow-me-dogs.ch, angebot\" \/>\n<meta property=\"og:description\" content=\"Hunder\u00fcden, Hundezicken, Leinenp\u00f6bler, \u00c4ngstlicherHund, Hundepsyche, Hundeerziehung, HundeHormone, Hunderudel, Hundw\u00fcnschtsich, Hundef\u00f6rderung, HundeRegeln, HundeGesundheit, Hundebindung, Hundewelpen, Junghund, Hundecoaching, Hundekonsequenz, Hundekommandos, Hundef\u00fctterung, Hundetrainer, Hundef\u00fchrung, Hundetrainerin, Hundetrainer, Bulldogge, Mops, Frenchbulldog, Malinois, Bergamasker, Dackel, Winterthur, russischerTerrier, BostonTerrier, HundeschuleWinterthur, Hundeschule, Rottweiler, Pudel, HundetrainerWinterthur, HundeWinterthur, ClaudiaRindler, MarcelvonArx, FollowMeDogs, FollowMe, Dogs, Follow, Entspannt, Klar, Fair, Hundecoach, SocialWalks, praktischeHundeausbildung, SocialWalksHunde, Hundeausbildung, Hunderesozialisieren, Resozialisieren, Erziehungskurs, Hundelektionen, Lektionen, HundWinterthur, Bewilligung, MenschHundTeam, Junghundekurse, Erziehungskurse, Einzeltraining, Hundetraining,\" \/>\n<meta property=\"og:url\" content=\"https:\/\/follow-me-dogs.ch\/?page_id=13\" \/>\n<meta property=\"og:site_name\" content=\"Willkommen\" \/>\n<meta property=\"article:modified_time\" content=\"2026-01-27T18:24:34+00:00\" \/>\n<meta property=\"og:image\" content=\"https:\/\/follow-me-dogs.ch\/wp-content\/uploads\/2023\/09\/IMG_3935-768x1024.jpeg\" \/>\n<meta name=\"twitter:card\" content=\"summary_large_image\" \/>\n<meta name=\"twitter:label1\" content=\"Est. reading time\" \/>\n\t<meta name=\"twitter:data1\" content=\"3 minutes\" \/>\n<script type=\"application\/ld+json\" class=\"yoast-schema-graph\">{\"@context\":\"https:\/\/schema.org\",\"@graph\":[{\"@type\":\"WebPage\",\"@id\":\"https:\/\/follow-me-dogs.ch\/?page_id=13\",\"url\":\"https:\/\/follow-me-dogs.ch\/?page_id=13\",\"name\":\"follow-me-dogs.ch, angebot\",\"isPartOf\":{\"@id\":\"https:\/\/follow-me-dogs.ch\/#website\"},\"primaryImageOfPage\":{\"@id\":\"https:\/\/follow-me-dogs.ch\/?page_id=13#primaryimage\"},\"image\":{\"@id\":\"https:\/\/follow-me-dogs.ch\/?page_id=13#primaryimage\"},\"thumbnailUrl\":\"https:\/\/follow-me-dogs.ch\/wp-content\/uploads\/2023\/09\/IMG_3935-768x1024.jpeg\",\"datePublished\":\"2023-09-14T17:11:11+00:00\",\"dateModified\":\"2026-01-27T18:24:34+00:00\",\"description\":\"Hunder\u00fcden, Hundezicken, Leinenp\u00f6bler, \u00c4ngstlicherHund, Hundepsyche, Hundeerziehung, HundeHormone, Hunderudel, Hundw\u00fcnschtsich, Hundef\u00f6rderung, HundeRegeln, HundeGesundheit, Hundebindung, Hundewelpen, Junghund, Hundecoaching, Hundekonsequenz, Hundekommandos, Hundef\u00fctterung, Hundetrainer, Hundef\u00fchrung, Hundetrainerin, Hundetrainer, Bulldogge, Mops, Frenchbulldog, Malinois, Bergamasker, Dackel, Winterthur, russischerTerrier, BostonTerrier, HundeschuleWinterthur, Hundeschule, Rottweiler, Pudel, HundetrainerWinterthur, HundeWinterthur, ClaudiaRindler, MarcelvonArx, FollowMeDogs, FollowMe, Dogs, Follow, Entspannt, Klar, Fair, Hundecoach, SocialWalks, praktischeHundeausbildung, SocialWalksHunde, Hundeausbildung, Hunderesozialisieren, Resozialisieren, Erziehungskurs, Hundelektionen, Lektionen, HundWinterthur, Bewilligung, MenschHundTeam, Junghundekurse, Erziehungskurse, Einzeltraining, Hundetraining,\",\"breadcrumb\":{\"@id\":\"https:\/\/follow-me-dogs.ch\/?page_id=13#breadcrumb\"},\"inLanguage\":\"en-US\",\"potentialAction\":[{\"@type\":\"ReadAction\",\"target\":[\"https:\/\/follow-me-dogs.ch\/?page_id=13\"]}]},{\"@type\":\"ImageObject\",\"inLanguage\":\"en-US\",\"@id\":\"https:\/\/follow-me-dogs.ch\/?page_id=13#primaryimage\",\"url\":\"https:\/\/follow-me-dogs.ch\/wp-content\/uploads\/2023\/09\/IMG_3935-scaled.jpeg\",\"contentUrl\":\"https:\/\/follow-me-dogs.ch\/wp-content\/uploads\/2023\/09\/IMG_3935-scaled.jpeg\",\"width\":1920,\"height\":2560},{\"@type\":\"BreadcrumbList\",\"@id\":\"https:\/\/follow-me-dogs.ch\/?page_id=13#breadcrumb\",\"itemListElement\":[{\"@type\":\"ListItem\",\"position\":1,\"name\":\"Home\",\"item\":\"https:\/\/follow-me-dogs.ch\/\"},{\"@type\":\"ListItem\",\"position\":2,\"name\":\"Angebot\"}]},{\"@type\":\"WebSite\",\"@id\":\"https:\/\/follow-me-dogs.ch\/#website\",\"url\":\"https:\/\/follow-me-dogs.ch\/\",\"name\":\"follow-me-dogs.ch\",\"description\":\"Kontakt: info@follow-me-dogs.ch\",\"publisher\":{\"@id\":\"https:\/\/follow-me-dogs.ch\/#organization\"},\"potentialAction\":[{\"@type\":\"SearchAction\",\"target\":{\"@type\":\"EntryPoint\",\"urlTemplate\":\"https:\/\/follow-me-dogs.ch\/?s={search_term_string}\"},\"query-input\":\"required name=search_term_string\"}],\"inLanguage\":\"en-US\"},{\"@type\":\"Organization\",\"@id\":\"https:\/\/follow-me-dogs.ch\/#organization\",\"name\":\"follow-me-dogs.ch\",\"url\":\"https:\/\/follow-me-dogs.ch\/\",\"logo\":{\"@type\":\"ImageObject\",\"inLanguage\":\"en-US\",\"@id\":\"https:\/\/follow-me-dogs.ch\/#\/schema\/logo\/image\/\",\"url\":\"https:\/\/follow-me-dogs.ch\/wp-content\/uploads\/2023\/09\/logo-1-1.png\",\"contentUrl\":\"https:\/\/follow-me-dogs.ch\/wp-content\/uploads\/2023\/09\/logo-1-1.png\",\"width\":873,\"height\":908,\"caption\":\"follow-me-dogs.ch\"},\"image\":{\"@id\":\"https:\/\/follow-me-dogs.ch\/#\/schema\/logo\/image\/\"}}]}<\/script>\n<!-- \/ Yoast SEO plugin. -->","yoast_head_json":{"title":"follow-me-dogs.ch, angebot","description":"Hunder\u00fcden, Hundezicken, Leinenp\u00f6bler, \u00c4ngstlicherHund, Hundepsyche, Hundeerziehung, HundeHormone, Hunderudel, Hundw\u00fcnschtsich, Hundef\u00f6rderung, HundeRegeln, HundeGesundheit, Hundebindung, Hundewelpen, Junghund, Hundecoaching, Hundekonsequenz, Hundekommandos, Hundef\u00fctterung, Hundetrainer, Hundef\u00fchrung, Hundetrainerin, Hundetrainer, Bulldogge, Mops, Frenchbulldog, Malinois, Bergamasker, Dackel, Winterthur, russischerTerrier, BostonTerrier, HundeschuleWinterthur, Hundeschule, Rottweiler, Pudel, HundetrainerWinterthur, HundeWinterthur, ClaudiaRindler, MarcelvonArx, FollowMeDogs, FollowMe, Dogs, Follow, Entspannt, Klar, Fair, Hundecoach, SocialWalks, praktischeHundeausbildung, SocialWalksHunde, Hundeausbildung, Hunderesozialisieren, Resozialisieren, Erziehungskurs, Hundelektionen, Lektionen, HundWinterthur, Bewilligung, MenschHundTeam, Junghundekurse, Erziehungskurse, Einzeltraining, Hundetraining,","robots":{"index":"index","follow":"follow","max-snippet":"max-snippet:-1","max-image-preview":"max-image-preview:large","max-video-preview":"max-video-preview:-1"},"canonical":"https:\/\/follow-me-dogs.ch\/?page_id=13","og_locale":"en_US","og_type":"article","og_title":"follow-me-dogs.ch, angebot","og_description":"Hunder\u00fcden, Hundezicken, Leinenp\u00f6bler, \u00c4ngstlicherHund, Hundepsyche, Hundeerziehung, HundeHormone, Hunderudel, Hundw\u00fcnschtsich, Hundef\u00f6rderung, HundeRegeln, HundeGesundheit, Hundebindung, Hundewelpen, Junghund, Hundecoaching, Hundekonsequenz, Hundekommandos, Hundef\u00fctterung, Hundetrainer, Hundef\u00fchrung, Hundetrainerin, Hundetrainer, Bulldogge, Mops, Frenchbulldog, Malinois, Bergamasker, Dackel, Winterthur, russischerTerrier, BostonTerrier, HundeschuleWinterthur, Hundeschule, Rottweiler, Pudel, HundetrainerWinterthur, HundeWinterthur, ClaudiaRindler, MarcelvonArx, FollowMeDogs, FollowMe, Dogs, Follow, Entspannt, Klar, Fair, Hundecoach, SocialWalks, praktischeHundeausbildung, SocialWalksHunde, Hundeausbildung, Hunderesozialisieren, Resozialisieren, Erziehungskurs, Hundelektionen, Lektionen, HundWinterthur, Bewilligung, MenschHundTeam, Junghundekurse, Erziehungskurse, Einzeltraining, Hundetraining,","og_url":"https:\/\/follow-me-dogs.ch\/?page_id=13","og_site_name":"Willkommen","article_modified_time":"2026-01-27T18:24:34+00:00","og_image":[{"url":"https:\/\/follow-me-dogs.ch\/wp-content\/uploads\/2023\/09\/IMG_3935-768x1024.jpeg"}],"twitter_card":"summary_large_image","twitter_misc":{"Est. reading time":"3 minutes"},"schema":{"@context":"https:\/\/schema.org","@graph":[{"@type":"WebPage","@id":"https:\/\/follow-me-dogs.ch\/?page_id=13","url":"https:\/\/follow-me-dogs.ch\/?page_id=13","name":"follow-me-dogs.ch, angebot","isPartOf":{"@id":"https:\/\/follow-me-dogs.ch\/#website"},"primaryImageOfPage":{"@id":"https:\/\/follow-me-dogs.ch\/?page_id=13#primaryimage"},"image":{"@id":"https:\/\/follow-me-dogs.ch\/?page_id=13#primaryimage"},"thumbnailUrl":"https:\/\/follow-me-dogs.ch\/wp-content\/uploads\/2023\/09\/IMG_3935-768x1024.jpeg","datePublished":"2023-09-14T17:11:11+00:00","dateModified":"2026-01-27T18:24:34+00:00","description":"Hunder\u00fcden, Hundezicken, Leinenp\u00f6bler, \u00c4ngstlicherHund, Hundepsyche, Hundeerziehung, HundeHormone, Hunderudel, Hundw\u00fcnschtsich, Hundef\u00f6rderung, HundeRegeln, HundeGesundheit, Hundebindung, Hundewelpen, Junghund, Hundecoaching, Hundekonsequenz, Hundekommandos, Hundef\u00fctterung, Hundetrainer, Hundef\u00fchrung, Hundetrainerin, Hundetrainer, Bulldogge, Mops, Frenchbulldog, Malinois, Bergamasker, Dackel, Winterthur, russischerTerrier, BostonTerrier, HundeschuleWinterthur, Hundeschule, Rottweiler, Pudel, HundetrainerWinterthur, HundeWinterthur, ClaudiaRindler, MarcelvonArx, FollowMeDogs, FollowMe, Dogs, Follow, Entspannt, Klar, Fair, Hundecoach, SocialWalks, praktischeHundeausbildung, SocialWalksHunde, Hundeausbildung, Hunderesozialisieren, Resozialisieren, Erziehungskurs, Hundelektionen, Lektionen, HundWinterthur, Bewilligung, MenschHundTeam, Junghundekurse, Erziehungskurse, Einzeltraining, Hundetraining,","breadcrumb":{"@id":"https:\/\/follow-me-dogs.ch\/?page_id=13#breadcrumb"},"inLanguage":"en-US","potentialAction":[{"@type":"ReadAction","target":["https:\/\/follow-me-dogs.ch\/?page_id=13"]}]},{"@type":"ImageObject","inLanguage":"en-US","@id":"https:\/\/follow-me-dogs.ch\/?page_id=13#primaryimage","url":"https:\/\/follow-me-dogs.ch\/wp-content\/uploads\/2023\/09\/IMG_3935-scaled.jpeg","contentUrl":"https:\/\/follow-me-dogs.ch\/wp-content\/uploads\/2023\/09\/IMG_3935-scaled.jpeg","width":1920,"height":2560},{"@type":"BreadcrumbList","@id":"https:\/\/follow-me-dogs.ch\/?page_id=13#breadcrumb","itemListElement":[{"@type":"ListItem","position":1,"name":"Home","item":"https:\/\/follow-me-dogs.ch\/"},{"@type":"ListItem","position":2,"name":"Angebot"}]},{"@type":"WebSite","@id":"https:\/\/follow-me-dogs.ch\/#website","url":"https:\/\/follow-me-dogs.ch\/","name":"follow-me-dogs.ch","description":"Kontakt: info@follow-me-dogs.ch","publisher":{"@id":"https:\/\/follow-me-dogs.ch\/#organization"},"potentialAction":[{"@type":"SearchAction","target":{"@type":"EntryPoint","urlTemplate":"https:\/\/follow-me-dogs.ch\/?s={search_term_string}"},"query-input":"required name=search_term_string"}],"inLanguage":"en-US"},{"@type":"Organization","@id":"https:\/\/follow-me-dogs.ch\/#organization","name":"follow-me-dogs.ch","url":"https:\/\/follow-me-dogs.ch\/","logo":{"@type":"ImageObject","inLanguage":"en-US","@id":"https:\/\/follow-me-dogs.ch\/#\/schema\/logo\/image\/","url":"https:\/\/follow-me-dogs.ch\/wp-content\/uploads\/2023\/09\/logo-1-1.png","contentUrl":"https:\/\/follow-me-dogs.ch\/wp-content\/uploads\/2023\/09\/logo-1-1.png","width":873,"height":908,"caption":"follow-me-dogs.ch"},"image":{"@id":"https:\/\/follow-me-dogs.ch\/#\/schema\/logo\/image\/"}}]}},"_links":{"self":[{"href":"https:\/\/follow-me-dogs.ch\/index.php?rest_route=\/wp\/v2\/pages\/13"}],"collection":[{"href":"https:\/\/follow-me-dogs.ch\/index.php?rest_route=\/wp\/v2\/pages"}],"about":[{"href":"https:\/\/follow-me-dogs.ch\/index.php?rest_route=\/wp\/v2\/types\/page"}],"author":[{"embeddable":true,"href":"https:\/\/follow-me-dogs.ch\/index.php?rest_route=\/wp\/v2\/users\/3"}],"replies":[{"embeddable":true,"href":"https:\/\/follow-me-dogs.ch\/index.php?rest_route=%2Fwp%2Fv2%2Fcomments&post=13"}],"version-history":[{"count":40,"href":"https:\/\/follow-me-dogs.ch\/index.php?rest_route=\/wp\/v2\/pages\/13\/revisions"}],"predecessor-version":[{"id":215,"href":"https:\/\/follow-me-dogs.ch\/index.php?rest_route=\/wp\/v2\/pages\/13\/revisions\/215"}],"wp:attachment":[{"href":"https:\/\/follow-me-dogs.ch\/index.php?rest_route=%2Fwp%2Fv2%2Fmedia&parent=13"}],"curies":[{"name":"wp","href":"https:\/\/api.w.org\/{rel}","templated":true}]}}