{"id":2,"date":"2016-05-10T03:48:21","date_gmt":"2016-05-10T03:48:21","guid":{"rendered":"http:\/\/follow-me-dogs.ch\/?page_id=2"},"modified":"2026-01-27T18:36:55","modified_gmt":"2026-01-27T18:36:55","slug":"sample-page","status":"publish","type":"page","link":"https:\/\/follow-me-dogs.ch\/","title":{"rendered":"Follow me!"},"content":{"rendered":"\n<p class=\"has-text-align-center has-black-color has-text-color has-link-color wp-elements-31ef8a46bf82daa30dab4b6adf99fd54\"><\/p>\n\n\n<p style=\"text-align: left;\">\u00a0<\/p>\n<p style=\"text-align: left;\"><img loading=\"lazy\" decoding=\"async\" class=\"wp-image-77 aligncenter\" src=\"https:\/\/follow-me-dogs.ch\/wp-content\/uploads\/2024\/04\/logo-rund-300x300.png\" alt=\"\" width=\"505\" height=\"505\" srcset=\"https:\/\/follow-me-dogs.ch\/wp-content\/uploads\/2024\/04\/logo-rund-300x300.png 300w, https:\/\/follow-me-dogs.ch\/wp-content\/uploads\/2024\/04\/logo-rund-1022x1024.png 1022w, https:\/\/follow-me-dogs.ch\/wp-content\/uploads\/2024\/04\/logo-rund-150x150.png 150w, https:\/\/follow-me-dogs.ch\/wp-content\/uploads\/2024\/04\/logo-rund-768x769.png 768w, https:\/\/follow-me-dogs.ch\/wp-content\/uploads\/2024\/04\/logo-rund-1533x1536.png 1533w, https:\/\/follow-me-dogs.ch\/wp-content\/uploads\/2024\/04\/logo-rund-2044x2048.png 2044w, https:\/\/follow-me-dogs.ch\/wp-content\/uploads\/2024\/04\/logo-rund-1568x1571.png 1568w\" sizes=\"(max-width: 505px) 100vw, 505px\" \/><\/p>\n<p style=\"text-align: left;\">Grunds\u00e4tzlich soll der Hund uns folgen, weil er es m\u00f6chte. Nicht weil er dazu durch Einsch\u00fcchterung gezwungen wird oder weil man ihn<span class=\"Apple-converted-space\">\u00a0 <\/span>bestechen muss (z.B. mit Futter) um etwas zu erreichen. Dies setzt voraus, dass ich mit dem Hund artgerecht und bed\u00fcrfnisorientiert kommuniziere. Damit schaffen wir die Basis, dass er mich als Rudelf\u00fchrer\/in annehmen kann.<span class=\"Apple-converted-space\">\u00a0<\/span><\/p>\n<p style=\"text-align: left;\"><strong>Entspannt:<\/strong>\u00a0F\u00fcr Hunde bedeutet F\u00fchrungsqualit\u00e4t, ruhig, sicher und entspannt zu agieren. Nur dann nehmen uns unsere Hunde ernst.<span class=\"Apple-converted-space\">\u00a0<\/span>Im Umgang mit Hunden ist ein ruhiges, sicheres Mindset n\u00f6tig.<span class=\"Apple-converted-space\">\u00a0<\/span><\/p>\n<p><strong>Klar:<\/strong> Wenn ich es verstehe, klar mit dem Hund zu kommunizieren, kann ich ihn zum gew\u00fcnschten Verhalten f\u00fchren. Eine funktionierende Kommunikation ist eine wichtige Grundlage f\u00fcr eine gute Beziehung. Dein Vierbeiner wird sich dadurch wohl f\u00fchlen und sich besser zurecht finden, in der f\u00fcr das Tier nicht immer logischen Menschenwelt.<span class=\"Apple-converted-space\">\u00a0<\/span><\/p>\n<p><strong>Fair:<\/strong> Der Hund wird seine, f\u00fcr ihn oft lang bew\u00e4hrten, jedoch sch\u00e4dlichen oder gef\u00e4hrlichen Verhaltensmuster nicht von heute auf morgen ablegen. Bei der Zusammenarbeit k\u00f6nnen Missverst\u00e4ndnisse und Fehler auftreten. Dann ist es wichtig, dass man den Hund angemessen und fair korrigiert. Kein Tier w\u00fcrde in der Natur freiwillig einem Anf\u00fchrer folgen, der es unfair behandelt.<span class=\"Apple-converted-space\">\u00a0<\/span><\/p>\n\n\n<figure class=\"wp-block-image size-full is-resized\"><img loading=\"lazy\" decoding=\"async\" width=\"442\" height=\"171\" src=\"https:\/\/follow-me-dogs.ch\/wp-content\/uploads\/2023\/09\/riraro.png\" alt=\"\" class=\"wp-image-48\" style=\"width:608px;height:235px\" srcset=\"https:\/\/follow-me-dogs.ch\/wp-content\/uploads\/2023\/09\/riraro.png 442w, https:\/\/follow-me-dogs.ch\/wp-content\/uploads\/2023\/09\/riraro-300x116.png 300w\" sizes=\"(max-width: 442px) 100vw, 442px\" \/><\/figure>\n\n\n\n<p class=\"has-text-align-center has-black-color has-text-color has-link-color wp-elements-b960b9426ec3f8e4f7a6b0e2e63a58f3\">Seit 1. Juni 2025 gilt die neue Hundegesetzgebung, wonach Neuhundehalter:innen, Neuzugezogene oder Halter:innen, die sich seit 10 Jahren erstmals wieder einen Hund anschaffen, verpflichtet sind folgende Kurse zu absolvieren:<\/p>\n\n\n\n<p class=\"has-text-align-center\"><strong>Zwei Theoriestunden sowie Theoriepr\u00fcfung<\/strong><\/p>\n\n\n\n<p class=\"has-text-align-center\"><strong>Sechs Praxisstunden sowie praktische Pr\u00fcfung<\/strong><\/p>\n\n\n\n<p class=\"has-text-align-center has-black-color has-text-color has-link-color wp-elements-31ef8a46bf82daa30dab4b6adf99fd54\"><\/p>\n","protected":false},"excerpt":{"rendered":"<p>\u00a0 Grunds\u00e4tzlich soll der Hund uns folgen, weil er es m\u00f6chte. Nicht weil er dazu durch Einsch\u00fcchterung gezwungen wird oder weil man ihn\u00a0 bestechen muss (z.B. mit Futter) um etwas zu erreichen. Dies setzt voraus, dass ich mit dem Hund artgerecht und bed\u00fcrfnisorientiert kommuniziere. Damit schaffen wir die Basis, dass er mich als Rudelf\u00fchrer\/in annehmen&hellip; <a class=\"more-link\" href=\"https:\/\/follow-me-dogs.ch\/\">Continue reading <span class=\"screen-reader-text\">Follow me!<\/span><\/a><\/p>\n","protected":false},"author":1,"featured_media":0,"parent":0,"menu_order":0,"comment_status":"closed","ping_status":"open","template":"","meta":{"footnotes":""},"class_list":["post-2","page","type-page","status-publish","hentry","entry"],"yoast_head":"<!-- This site is optimized with the Yoast SEO plugin v23.3 - https:\/\/yoast.com\/wordpress\/plugins\/seo\/ -->\n<title>follow-me-dogs.ch, willkommen<\/title>\n<meta name=\"description\" content=\"Hunder\u00fcden, Hundezicken, Leinenp\u00f6bler, \u00c4ngstlicherHund, Hundepsyche, Hundeerziehung, HundeHormone, Hunderudel, Hundw\u00fcnschtsich, Hundef\u00f6rderung, HundeRegeln, HundeGesundheit, Hundebindung, Hundewelpen, Junghund, Hundecoaching, Hundekonsequenz, Hundekommandos, Hundef\u00fctterung, Hundetrainer, Hundef\u00fchrung, Hundetrainerin, Hundetrainer, Bulldogge, Mops, Frenchbulldog, Malinois, Bergamasker, Dackel, Winterthur, russischerTerrier, BostonTerrier, HundeschuleWinterthur, Hundeschule, Rottweiler, Pudel, HundetrainerWinterthur, HundeWinterthur, ClaudiaRindler, MarcelvonArx, FollowMeDogs, FollowMe, Dogs, Follow, Entspannt, Klar, Fair, Hundecoach, SocialWalks, praktischeHundeausbildung, SocialWalksHunde, Hundeausbildung, Hunderesozialisieren, Resozialisieren, Erziehungskurs, Hundelektionen, Lektionen, HundWinterthur, Bewilligung, MenschHundTeam, Junghundekurse, Erziehungskurse, Einzeltraining, Hundetraining,\" \/>\n<meta name=\"robots\" content=\"index, follow, max-snippet:-1, max-image-preview:large, max-video-preview:-1\" \/>\n<link rel=\"canonical\" href=\"https:\/\/follow-me-dogs.ch\/\" \/>\n<meta property=\"og:locale\" content=\"en_US\" \/>\n<meta property=\"og:type\" content=\"article\" \/>\n<meta property=\"og:title\" content=\"follow-me-dogs.ch, willkommen\" \/>\n<meta property=\"og:description\" content=\"Hunder\u00fcden, Hundezicken, Leinenp\u00f6bler, \u00c4ngstlicherHund, Hundepsyche, Hundeerziehung, HundeHormone, Hunderudel, Hundw\u00fcnschtsich, Hundef\u00f6rderung, HundeRegeln, HundeGesundheit, Hundebindung, Hundewelpen, Junghund, Hundecoaching, Hundekonsequenz, Hundekommandos, Hundef\u00fctterung, Hundetrainer, Hundef\u00fchrung, Hundetrainerin, Hundetrainer, Bulldogge, Mops, Frenchbulldog, Malinois, Bergamasker, Dackel, Winterthur, russischerTerrier, BostonTerrier, HundeschuleWinterthur, Hundeschule, Rottweiler, Pudel, HundetrainerWinterthur, HundeWinterthur, ClaudiaRindler, MarcelvonArx, FollowMeDogs, FollowMe, Dogs, Follow, Entspannt, Klar, Fair, Hundecoach, SocialWalks, praktischeHundeausbildung, SocialWalksHunde, Hundeausbildung, Hunderesozialisieren, Resozialisieren, Erziehungskurs, Hundelektionen, Lektionen, HundWinterthur, Bewilligung, MenschHundTeam, Junghundekurse, Erziehungskurse, Einzeltraining, Hundetraining,\" \/>\n<meta property=\"og:url\" content=\"https:\/\/follow-me-dogs.ch\/\" \/>\n<meta property=\"og:site_name\" content=\"Willkommen\" \/>\n<meta property=\"article:modified_time\" content=\"2026-01-27T18:36:55+00:00\" \/>\n<meta property=\"og:image\" content=\"https:\/\/follow-me-dogs.ch\/wp-content\/uploads\/2024\/04\/logo-rund-300x300.png\" \/>\n<meta name=\"twitter:card\" content=\"summary_large_image\" \/>\n<meta name=\"twitter:label1\" content=\"Est. reading time\" \/>\n\t<meta name=\"twitter:data1\" content=\"2 minutes\" \/>\n<script type=\"application\/ld+json\" class=\"yoast-schema-graph\">{\"@context\":\"https:\/\/schema.org\",\"@graph\":[{\"@type\":\"WebPage\",\"@id\":\"https:\/\/follow-me-dogs.ch\/\",\"url\":\"https:\/\/follow-me-dogs.ch\/\",\"name\":\"follow-me-dogs.ch, willkommen\",\"isPartOf\":{\"@id\":\"https:\/\/follow-me-dogs.ch\/#website\"},\"primaryImageOfPage\":{\"@id\":\"https:\/\/follow-me-dogs.ch\/#primaryimage\"},\"image\":{\"@id\":\"https:\/\/follow-me-dogs.ch\/#primaryimage\"},\"thumbnailUrl\":\"https:\/\/follow-me-dogs.ch\/wp-content\/uploads\/2024\/04\/logo-rund-300x300.png\",\"datePublished\":\"2016-05-10T03:48:21+00:00\",\"dateModified\":\"2026-01-27T18:36:55+00:00\",\"description\":\"Hunder\u00fcden, Hundezicken, Leinenp\u00f6bler, \u00c4ngstlicherHund, Hundepsyche, Hundeerziehung, HundeHormone, Hunderudel, Hundw\u00fcnschtsich, Hundef\u00f6rderung, HundeRegeln, HundeGesundheit, Hundebindung, Hundewelpen, Junghund, Hundecoaching, Hundekonsequenz, Hundekommandos, Hundef\u00fctterung, Hundetrainer, Hundef\u00fchrung, Hundetrainerin, Hundetrainer, Bulldogge, Mops, Frenchbulldog, Malinois, Bergamasker, Dackel, Winterthur, russischerTerrier, BostonTerrier, HundeschuleWinterthur, Hundeschule, Rottweiler, Pudel, HundetrainerWinterthur, HundeWinterthur, ClaudiaRindler, MarcelvonArx, FollowMeDogs, FollowMe, Dogs, Follow, Entspannt, Klar, Fair, Hundecoach, SocialWalks, praktischeHundeausbildung, SocialWalksHunde, Hundeausbildung, Hunderesozialisieren, Resozialisieren, Erziehungskurs, Hundelektionen, Lektionen, HundWinterthur, Bewilligung, MenschHundTeam, Junghundekurse, Erziehungskurse, Einzeltraining, Hundetraining,\",\"breadcrumb\":{\"@id\":\"https:\/\/follow-me-dogs.ch\/#breadcrumb\"},\"inLanguage\":\"en-US\",\"potentialAction\":[{\"@type\":\"ReadAction\",\"target\":[\"https:\/\/follow-me-dogs.ch\/\"]}]},{\"@type\":\"ImageObject\",\"inLanguage\":\"en-US\",\"@id\":\"https:\/\/follow-me-dogs.ch\/#primaryimage\",\"url\":\"https:\/\/follow-me-dogs.ch\/wp-content\/uploads\/2024\/04\/logo-rund.png\",\"contentUrl\":\"https:\/\/follow-me-dogs.ch\/wp-content\/uploads\/2024\/04\/logo-rund.png\",\"width\":3825,\"height\":3832},{\"@type\":\"BreadcrumbList\",\"@id\":\"https:\/\/follow-me-dogs.ch\/#breadcrumb\",\"itemListElement\":[{\"@type\":\"ListItem\",\"position\":1,\"name\":\"Home\",\"item\":\"https:\/\/follow-me-dogs.ch\/\"},{\"@type\":\"ListItem\",\"position\":2,\"name\":\"Follow me!\"}]},{\"@type\":\"WebSite\",\"@id\":\"https:\/\/follow-me-dogs.ch\/#website\",\"url\":\"https:\/\/follow-me-dogs.ch\/\",\"name\":\"follow-me-dogs.ch\",\"description\":\"Kontakt: info@follow-me-dogs.ch\",\"publisher\":{\"@id\":\"https:\/\/follow-me-dogs.ch\/#organization\"},\"potentialAction\":[{\"@type\":\"SearchAction\",\"target\":{\"@type\":\"EntryPoint\",\"urlTemplate\":\"https:\/\/follow-me-dogs.ch\/?s={search_term_string}\"},\"query-input\":\"required name=search_term_string\"}],\"inLanguage\":\"en-US\"},{\"@type\":\"Organization\",\"@id\":\"https:\/\/follow-me-dogs.ch\/#organization\",\"name\":\"follow-me-dogs.ch\",\"url\":\"https:\/\/follow-me-dogs.ch\/\",\"logo\":{\"@type\":\"ImageObject\",\"inLanguage\":\"en-US\",\"@id\":\"https:\/\/follow-me-dogs.ch\/#\/schema\/logo\/image\/\",\"url\":\"https:\/\/follow-me-dogs.ch\/wp-content\/uploads\/2023\/09\/logo-1-1.png\",\"contentUrl\":\"https:\/\/follow-me-dogs.ch\/wp-content\/uploads\/2023\/09\/logo-1-1.png\",\"width\":873,\"height\":908,\"caption\":\"follow-me-dogs.ch\"},\"image\":{\"@id\":\"https:\/\/follow-me-dogs.ch\/#\/schema\/logo\/image\/\"}}]}<\/script>\n<!-- \/ Yoast SEO plugin. -->","yoast_head_json":{"title":"follow-me-dogs.ch, willkommen","description":"Hunder\u00fcden, Hundezicken, Leinenp\u00f6bler, \u00c4ngstlicherHund, Hundepsyche, Hundeerziehung, HundeHormone, Hunderudel, Hundw\u00fcnschtsich, Hundef\u00f6rderung, HundeRegeln, HundeGesundheit, Hundebindung, Hundewelpen, Junghund, Hundecoaching, Hundekonsequenz, Hundekommandos, Hundef\u00fctterung, Hundetrainer, Hundef\u00fchrung, Hundetrainerin, Hundetrainer, Bulldogge, Mops, Frenchbulldog, Malinois, Bergamasker, Dackel, Winterthur, russischerTerrier, BostonTerrier, HundeschuleWinterthur, Hundeschule, Rottweiler, Pudel, HundetrainerWinterthur, HundeWinterthur, ClaudiaRindler, MarcelvonArx, FollowMeDogs, FollowMe, Dogs, Follow, Entspannt, Klar, Fair, Hundecoach, SocialWalks, praktischeHundeausbildung, SocialWalksHunde, Hundeausbildung, Hunderesozialisieren, Resozialisieren, Erziehungskurs, Hundelektionen, Lektionen, HundWinterthur, Bewilligung, MenschHundTeam, Junghundekurse, Erziehungskurse, Einzeltraining, Hundetraining,","robots":{"index":"index","follow":"follow","max-snippet":"max-snippet:-1","max-image-preview":"max-image-preview:large","max-video-preview":"max-video-preview:-1"},"canonical":"https:\/\/follow-me-dogs.ch\/","og_locale":"en_US","og_type":"article","og_title":"follow-me-dogs.ch, willkommen","og_description":"Hunder\u00fcden, Hundezicken, Leinenp\u00f6bler, \u00c4ngstlicherHund, Hundepsyche, Hundeerziehung, HundeHormone, Hunderudel, Hundw\u00fcnschtsich, Hundef\u00f6rderung, HundeRegeln, HundeGesundheit, Hundebindung, Hundewelpen, Junghund, Hundecoaching, Hundekonsequenz, Hundekommandos, Hundef\u00fctterung, Hundetrainer, Hundef\u00fchrung, Hundetrainerin, Hundetrainer, Bulldogge, Mops, Frenchbulldog, Malinois, Bergamasker, Dackel, Winterthur, russischerTerrier, BostonTerrier, HundeschuleWinterthur, Hundeschule, Rottweiler, Pudel, HundetrainerWinterthur, HundeWinterthur, ClaudiaRindler, MarcelvonArx, FollowMeDogs, FollowMe, Dogs, Follow, Entspannt, Klar, Fair, Hundecoach, SocialWalks, praktischeHundeausbildung, SocialWalksHunde, Hundeausbildung, Hunderesozialisieren, Resozialisieren, Erziehungskurs, Hundelektionen, Lektionen, HundWinterthur, Bewilligung, MenschHundTeam, Junghundekurse, Erziehungskurse, Einzeltraining, Hundetraining,","og_url":"https:\/\/follow-me-dogs.ch\/","og_site_name":"Willkommen","article_modified_time":"2026-01-27T18:36:55+00:00","og_image":[{"url":"https:\/\/follow-me-dogs.ch\/wp-content\/uploads\/2024\/04\/logo-rund-300x300.png"}],"twitter_card":"summary_large_image","twitter_misc":{"Est. reading time":"2 minutes"},"schema":{"@context":"https:\/\/schema.org","@graph":[{"@type":"WebPage","@id":"https:\/\/follow-me-dogs.ch\/","url":"https:\/\/follow-me-dogs.ch\/","name":"follow-me-dogs.ch, willkommen","isPartOf":{"@id":"https:\/\/follow-me-dogs.ch\/#website"},"primaryImageOfPage":{"@id":"https:\/\/follow-me-dogs.ch\/#primaryimage"},"image":{"@id":"https:\/\/follow-me-dogs.ch\/#primaryimage"},"thumbnailUrl":"https:\/\/follow-me-dogs.ch\/wp-content\/uploads\/2024\/04\/logo-rund-300x300.png","datePublished":"2016-05-10T03:48:21+00:00","dateModified":"2026-01-27T18:36:55+00:00","description":"Hunder\u00fcden, Hundezicken, Leinenp\u00f6bler, \u00c4ngstlicherHund, Hundepsyche, Hundeerziehung, HundeHormone, Hunderudel, Hundw\u00fcnschtsich, Hundef\u00f6rderung, HundeRegeln, HundeGesundheit, Hundebindung, Hundewelpen, Junghund, Hundecoaching, Hundekonsequenz, Hundekommandos, Hundef\u00fctterung, Hundetrainer, Hundef\u00fchrung, Hundetrainerin, Hundetrainer, Bulldogge, Mops, Frenchbulldog, Malinois, Bergamasker, Dackel, Winterthur, russischerTerrier, BostonTerrier, HundeschuleWinterthur, Hundeschule, Rottweiler, Pudel, HundetrainerWinterthur, HundeWinterthur, ClaudiaRindler, MarcelvonArx, FollowMeDogs, FollowMe, Dogs, Follow, Entspannt, Klar, Fair, Hundecoach, SocialWalks, praktischeHundeausbildung, SocialWalksHunde, Hundeausbildung, Hunderesozialisieren, Resozialisieren, Erziehungskurs, Hundelektionen, Lektionen, HundWinterthur, Bewilligung, MenschHundTeam, Junghundekurse, Erziehungskurse, Einzeltraining, Hundetraining,","breadcrumb":{"@id":"https:\/\/follow-me-dogs.ch\/#breadcrumb"},"inLanguage":"en-US","potentialAction":[{"@type":"ReadAction","target":["https:\/\/follow-me-dogs.ch\/"]}]},{"@type":"ImageObject","inLanguage":"en-US","@id":"https:\/\/follow-me-dogs.ch\/#primaryimage","url":"https:\/\/follow-me-dogs.ch\/wp-content\/uploads\/2024\/04\/logo-rund.png","contentUrl":"https:\/\/follow-me-dogs.ch\/wp-content\/uploads\/2024\/04\/logo-rund.png","width":3825,"height":3832},{"@type":"BreadcrumbList","@id":"https:\/\/follow-me-dogs.ch\/#breadcrumb","itemListElement":[{"@type":"ListItem","position":1,"name":"Home","item":"https:\/\/follow-me-dogs.ch\/"},{"@type":"ListItem","position":2,"name":"Follow me!"}]},{"@type":"WebSite","@id":"https:\/\/follow-me-dogs.ch\/#website","url":"https:\/\/follow-me-dogs.ch\/","name":"follow-me-dogs.ch","description":"Kontakt: info@follow-me-dogs.ch","publisher":{"@id":"https:\/\/follow-me-dogs.ch\/#organization"},"potentialAction":[{"@type":"SearchAction","target":{"@type":"EntryPoint","urlTemplate":"https:\/\/follow-me-dogs.ch\/?s={search_term_string}"},"query-input":"required name=search_term_string"}],"inLanguage":"en-US"},{"@type":"Organization","@id":"https:\/\/follow-me-dogs.ch\/#organization","name":"follow-me-dogs.ch","url":"https:\/\/follow-me-dogs.ch\/","logo":{"@type":"ImageObject","inLanguage":"en-US","@id":"https:\/\/follow-me-dogs.ch\/#\/schema\/logo\/image\/","url":"https:\/\/follow-me-dogs.ch\/wp-content\/uploads\/2023\/09\/logo-1-1.png","contentUrl":"https:\/\/follow-me-dogs.ch\/wp-content\/uploads\/2023\/09\/logo-1-1.png","width":873,"height":908,"caption":"follow-me-dogs.ch"},"image":{"@id":"https:\/\/follow-me-dogs.ch\/#\/schema\/logo\/image\/"}}]}},"_links":{"self":[{"href":"https:\/\/follow-me-dogs.ch\/index.php?rest_route=\/wp\/v2\/pages\/2"}],"collection":[{"href":"https:\/\/follow-me-dogs.ch\/index.php?rest_route=\/wp\/v2\/pages"}],"about":[{"href":"https:\/\/follow-me-dogs.ch\/index.php?rest_route=\/wp\/v2\/types\/page"}],"author":[{"embeddable":true,"href":"https:\/\/follow-me-dogs.ch\/index.php?rest_route=\/wp\/v2\/users\/1"}],"replies":[{"embeddable":true,"href":"https:\/\/follow-me-dogs.ch\/index.php?rest_route=%2Fwp%2Fv2%2Fcomments&post=2"}],"version-history":[{"count":15,"href":"https:\/\/follow-me-dogs.ch\/index.php?rest_route=\/wp\/v2\/pages\/2\/revisions"}],"predecessor-version":[{"id":213,"href":"https:\/\/follow-me-dogs.ch\/index.php?rest_route=\/wp\/v2\/pages\/2\/revisions\/213"}],"wp:attachment":[{"href":"https:\/\/follow-me-dogs.ch\/index.php?rest_route=%2Fwp%2Fv2%2Fmedia&parent=2"}],"curies":[{"name":"wp","href":"https:\/\/api.w.org\/{rel}","templated":true}]}}