{"id":6,"date":"2023-09-14T04:27:01","date_gmt":"2023-09-14T04:27:01","guid":{"rendered":"https:\/\/follow-me-dogs.ch\/?page_id=6"},"modified":"2026-01-27T18:36:21","modified_gmt":"2026-01-27T18:36:21","slug":"uber-mich","status":"publish","type":"page","link":"https:\/\/follow-me-dogs.ch\/?page_id=6","title":{"rendered":"Claudia Rindler"},"content":{"rendered":"\n<h3 class=\"wp-block-heading\"><\/h3>\n\n\n\n<p><strong>Claudia Rindler<\/strong><\/p>\n\n\n\n<p>Mein Ziel in der Ausbildung von Hunden&nbsp; sind nicht konditionierte Kommandos, sondern eine <strong>Verbindlichkeit auf sozialer Ebene<\/strong>.&nbsp;<\/p>\n\n\n\n<p>Ich m\u00f6chte: &nbsp;<\/p>\n\n\n\n<p>-Eine gute Ansprechbarkeit und Impulskontrolle des Hundes.&nbsp;<\/p>\n\n\n\n<p>-Ein gutes Verst\u00e4ndnis daf\u00fcr, was man darf und was nicht.&nbsp;<\/p>\n\n\n\n<p>-der Hund soll grunds\u00e4tzlich verstehen, wie er sich im normalen Alltag zu verhalten hat.<\/p>\n\n\n\n<p>Eine Verbindlichkeit im sozialen Miteinander als Basis, ist ein essenzieller Baustein f\u00fcr alles weitere.&nbsp; Wie in jeder Beziehung kann es auch mal zu Konflikten und Meinungsverschiedenheiten kommen. Wenn man diese artgerecht  kl\u00e4ren kann, st\u00e4rkt das die Beziehung. Nach dem Motto: Reibung erzeugt W\u00e4rme \ud83d\ude09<\/p>\n\n\n\n<p>Ich m\u00f6chte dir gerne helfen, mit deinem Hund klar und fair zu kommunizieren. So dass ihr zusammen entspannt durchs Leben gehen k\u00f6nnt. Ich scheue mich nicht vor Konflikten und bin der Meinung, das jeder Hund das Recht auf eine*n kompetente*n Halter*in hat.<\/p>\n\n\n\n<p><strong>Wie bin ich &#8220;auf den Hund gekommen&#8221;?:<\/strong><\/p>\n\n\n\n<p>Mein erster Hund, Damien (jaaa, er war der Sohn des Teufels!), wurde mir als familienfreundlicher, verschmuster, sportlicher French Bulldog beschrieben\u2026<\/p>\n\n\n\n<figure class=\"wp-block-image size-full is-resized is-style-rounded\"><img loading=\"lazy\" decoding=\"async\" width=\"540\" height=\"720\" src=\"https:\/\/follow-me-dogs.ch\/wp-content\/uploads\/2023\/09\/damien.jpeg\" alt=\"\" class=\"wp-image-34\" style=\"width:355px;height:473px\" srcset=\"https:\/\/follow-me-dogs.ch\/wp-content\/uploads\/2023\/09\/damien.jpeg 540w, https:\/\/follow-me-dogs.ch\/wp-content\/uploads\/2023\/09\/damien-225x300.jpeg 225w\" sizes=\"(max-width: 540px) 100vw, 540px\" \/><\/figure>\n\n\n\n<p>-da man ihn lieber gestern als morgen loswerden wollte, h\u00e4tte ich hellh\u00f6rig werden sollen. Aber was soll ich sagen? So lernt man`s \ud83d\ude09 nun ja, ich kam die ersten Monate meistens v\u00f6llig am Ende von den Spazierg\u00e4ngen nach Hause, da er mich an den Rand der Verzweiflung trieb. Ob pausenloses Bellen, Jagen, Ziehen an der Leine, oder ernsthafte Angriffe auf andere Hunde, er tat so ziemlich alles, was der Hund meiner Tr\u00e4ume nicht h\u00e4tte tun sollen. Doch eben diesem auf lange Sicht nicht tragbaren Zustand&nbsp;verdanke ich, dass ich die Sache selber in die Hand nehmen musste, da Aufgeben keine Option war.&nbsp; Nachdem ich bei zig Hundeschulen war, Privattrainings nahm und&nbsp; durch die halbe Schweiz reiste, aber niemand mir wirklich helfen konnte, musste ich lernen mit meinen Hund richtig zu kommunizieren. Je besser das&nbsp; ging, umso motivierter wurde ich.&nbsp;<\/p>\n\n\n\n<p>Durch Damien (er verstarb leider 2020 im Alter von 15) war ich gezwungen, andere Wege zu gehen und mir Wissen anzueignen, das weit \u00fcber die klassische Hundeschule hinausgeht.&nbsp; Bald kamen mehr von den \u201eGratis-2.Handhunden\u201c-hinzu, die \u00fcber Tierheime oder Gnadenh\u00f6fe zu mir fanden. Allesamt waren sie \u201ePlattnasen\u201c. Also div. Bulldoggen und ein Mops in Notlagen, z.B. aus Beschlagnahmungen, man wollte sie nicht mehr, oder sie sassen schon im Tierheim und ich hatte grad Kapazit\u00e4t. Mit allen habe ich gearbeitet einige hab ich weitervermittelt, andere blieben bei mir. Oft sind sie mir auch gute Helfer bei neuen Hunden, die nerv\u00f6s, instabil oder unausgeglichen sind.&nbsp;<\/p>\n\n\n\n<p>Aktuell unterst\u00fctzen mich:<\/p>\n\n\n\n<p>Bela &amp; Petunia<\/p>\n\n\n\n<figure class=\"wp-block-image size-large is-resized is-style-rounded\"><img loading=\"lazy\" decoding=\"async\" width=\"842\" height=\"1024\" src=\"https:\/\/follow-me-dogs.ch\/wp-content\/uploads\/2023\/09\/Ohne-Titel-842x1024.png\" alt=\"\" class=\"wp-image-35\" style=\"width:376px;height:457px\" srcset=\"https:\/\/follow-me-dogs.ch\/wp-content\/uploads\/2023\/09\/Ohne-Titel-842x1024.png 842w, https:\/\/follow-me-dogs.ch\/wp-content\/uploads\/2023\/09\/Ohne-Titel-247x300.png 247w, https:\/\/follow-me-dogs.ch\/wp-content\/uploads\/2023\/09\/Ohne-Titel-768x934.png 768w, https:\/\/follow-me-dogs.ch\/wp-content\/uploads\/2023\/09\/Ohne-Titel-1263x1536.png 1263w, https:\/\/follow-me-dogs.ch\/wp-content\/uploads\/2023\/09\/Ohne-Titel-1684x2048.png 1684w, https:\/\/follow-me-dogs.ch\/wp-content\/uploads\/2023\/09\/Ohne-Titel-1568x1907.png 1568w\" sizes=\"(max-width: 842px) 100vw, 842px\" \/><\/figure>\n\n\n\n<p><strong>Bela<\/strong>, der schwarze &#8220;Retro&#8221;-French Bulldog, kam als kleiner Welpe aus einer \u201eWelpenfabrik\u201c im Ostblock zu mir. Man hat ihn im Internet gekauft, \u00fcber die Grenze an der Tankstelle abgeholt und als h\u00fcbsches Accessoire mit ins B\u00fcro genommen. Leider hat man nicht mit den Giardien (Parasiten) gerechnet, die er mitbrachte. Als er am 2. Tag im B\u00fcro immer noch nicht stubenrein war und die W\u00e4nde und Teppiche im B\u00fcro pl\u00f6tzlich eine andere Farbe hatten, bekam man Angst um seinen Job und er und musste weg. Knapp 9 Jahre ist er jetzt an meiner Seite und durch die sehr fr\u00fche Pr\u00e4gung sind wir tief verbunden. Er vertr\u00e4gt sich mit allem und jedem. Er kann auch mit den \u201egeh\u00e4ssigen\u201c Artgenossen gut. So kann er mir einen Zugang herstellen. Er weiss, dass er mir vertrauen kann und ich weiss, dass ich ihm vertrauen kann.<\/p>\n\n\n\n<figure class=\"wp-block-image size-large is-resized is-style-rounded\"><img loading=\"lazy\" decoding=\"async\" width=\"1024\" height=\"1019\" src=\"https:\/\/follow-me-dogs.ch\/wp-content\/uploads\/2023\/09\/36719C61-3C43-42E0-9410-A7C4EE1AB89E-1024x1019.png\" alt=\"\" class=\"wp-image-40\" style=\"width:404px;height:402px\" srcset=\"https:\/\/follow-me-dogs.ch\/wp-content\/uploads\/2023\/09\/36719C61-3C43-42E0-9410-A7C4EE1AB89E-1024x1019.png 1024w, https:\/\/follow-me-dogs.ch\/wp-content\/uploads\/2023\/09\/36719C61-3C43-42E0-9410-A7C4EE1AB89E-300x300.png 300w, https:\/\/follow-me-dogs.ch\/wp-content\/uploads\/2023\/09\/36719C61-3C43-42E0-9410-A7C4EE1AB89E-150x150.png 150w, https:\/\/follow-me-dogs.ch\/wp-content\/uploads\/2023\/09\/36719C61-3C43-42E0-9410-A7C4EE1AB89E-768x764.png 768w, https:\/\/follow-me-dogs.ch\/wp-content\/uploads\/2023\/09\/36719C61-3C43-42E0-9410-A7C4EE1AB89E.png 1274w\" sizes=\"(max-width: 1024px) 100vw, 1024px\" \/><\/figure>\n\n\n\n<p><strong>Petunia<\/strong>, die braun gestromte engl. Bulldogge, kam 2020 zu mir. Sie war im Gnadenhof Hodel, bei Ivo Z\u00fcrcher. Sie war sehr \u00e4ngstlich und unsicher. Bei lauten Ger\u00e4uschen (M\u00fcllwagen, Knallger\u00e4usche, S\u00e4ge etc.) reagierte sie stark. Gehen und Treppensteigen blockierte sie. Sie ging auch ungern oder gar nicht in fremde R\u00e4ume, durch Durchg\u00e4nge etc. etc. Urspr\u00fcnglich kam sie aus Ungarn aus der T\u00f6tung. Ich weiss relativ wenig \u00fcber ihre Vorgeschichte. Es hat gut 2 Jahre gedauert, bis sie der tiefen entspannte Hund wurde, der sie jetzt ist. Nichts bringt sie aus der Ruhe, sie l\u00e4sst sich von niemandem hetzten oder provozieren. Anfeindungen anderer Hunde prallen an ihr ab. Nerv\u00f6se und instabile Hunde bringt sie zur Ruhe. Denn nur in Ruhe kann eine bed\u00fcfnisorientierte Kommunikation gestartet werden.<\/p>\n\n\n\n<figure class=\"wp-block-image size-large is-resized is-style-rounded\"><img loading=\"lazy\" decoding=\"async\" width=\"1024\" height=\"768\" src=\"https:\/\/follow-me-dogs.ch\/wp-content\/uploads\/2023\/09\/IMG_3753-1024x768.jpeg\" alt=\"\" class=\"wp-image-38\" style=\"width:397px;height:297px\" srcset=\"https:\/\/follow-me-dogs.ch\/wp-content\/uploads\/2023\/09\/IMG_3753-1024x768.jpeg 1024w, https:\/\/follow-me-dogs.ch\/wp-content\/uploads\/2023\/09\/IMG_3753-300x225.jpeg 300w, https:\/\/follow-me-dogs.ch\/wp-content\/uploads\/2023\/09\/IMG_3753-768x576.jpeg 768w, https:\/\/follow-me-dogs.ch\/wp-content\/uploads\/2023\/09\/IMG_3753-1536x1152.jpeg 1536w, https:\/\/follow-me-dogs.ch\/wp-content\/uploads\/2023\/09\/IMG_3753-2048x1536.jpeg 2048w, https:\/\/follow-me-dogs.ch\/wp-content\/uploads\/2023\/09\/IMG_3753-1568x1176.jpeg 1568w\" sizes=\"(max-width: 1024px) 100vw, 1024px\" \/><\/figure>\n\n\n\n<p><\/p>\n\n\n\n<p>Die Kommunikation von Hund zu Hund&nbsp; ist oft einfacher, als von Mensch zu Hund. Gerade wenn die Hunde z.B. traumatisiert sind, kann es eine grosse Hilfe sein, einen stabilen Hund dabei zu haben.<\/p>\n\n\n\n<figure class=\"wp-block-image size-full is-resized is-style-rounded\"><img loading=\"lazy\" decoding=\"async\" width=\"711\" height=\"606\" src=\"https:\/\/follow-me-dogs.ch\/wp-content\/uploads\/2023\/09\/Ohne-Titel-3.png\" alt=\"\" class=\"wp-image-42\" style=\"width:322px;height:273px\" srcset=\"https:\/\/follow-me-dogs.ch\/wp-content\/uploads\/2023\/09\/Ohne-Titel-3.png 711w, https:\/\/follow-me-dogs.ch\/wp-content\/uploads\/2023\/09\/Ohne-Titel-3-300x256.png 300w\" sizes=\"(max-width: 711px) 100vw, 711px\" \/><\/figure>\n\n\n\n<p>Wenn Du mit mir arbeitest, kann es also sein, das ich gern einen meiner Hunde beiziehen m\u00f6chte. Immer in Absprache mit dem Kunden nat\u00fcrlich. <\/p>\n\n\n\n<p>Jeder Hund ist anders und man lernt von jedem wieder etwas. Nach gut 20 Jahren Erfahrung mit den eigenen Hunden entschied ich mich, die vom Vet.-Amt anerkannte Ausbildung zur Hundetrainerin zu machen.<\/p>\n\n\n\n<p><strong>Kontakt<\/strong>: info@follow-me-dogs.ch<\/p>\n\n\n\n<figure class=\"wp-block-image size-full is-resized\"><img loading=\"lazy\" decoding=\"async\" width=\"1243\" height=\"923\" src=\"https:\/\/follow-me-dogs.ch\/wp-content\/uploads\/2024\/06\/winti-1.png\" alt=\"\" class=\"wp-image-172\" style=\"width:613px;height:auto\" srcset=\"https:\/\/follow-me-dogs.ch\/wp-content\/uploads\/2024\/06\/winti-1.png 1243w, https:\/\/follow-me-dogs.ch\/wp-content\/uploads\/2024\/06\/winti-1-300x223.png 300w, https:\/\/follow-me-dogs.ch\/wp-content\/uploads\/2024\/06\/winti-1-1024x760.png 1024w, https:\/\/follow-me-dogs.ch\/wp-content\/uploads\/2024\/06\/winti-1-768x570.png 768w\" sizes=\"(max-width: 1243px) 100vw, 1243px\" \/><\/figure>\n\n\n\n<figure class=\"wp-block-image size-large\"><img loading=\"lazy\" decoding=\"async\" width=\"1022\" height=\"1024\" src=\"https:\/\/follow-me-dogs.ch\/wp-content\/uploads\/2024\/04\/logo-rund-1022x1024.png\" alt=\"\" class=\"wp-image-77\" srcset=\"https:\/\/follow-me-dogs.ch\/wp-content\/uploads\/2024\/04\/logo-rund-1022x1024.png 1022w, https:\/\/follow-me-dogs.ch\/wp-content\/uploads\/2024\/04\/logo-rund-300x300.png 300w, https:\/\/follow-me-dogs.ch\/wp-content\/uploads\/2024\/04\/logo-rund-150x150.png 150w, https:\/\/follow-me-dogs.ch\/wp-content\/uploads\/2024\/04\/logo-rund-768x769.png 768w, https:\/\/follow-me-dogs.ch\/wp-content\/uploads\/2024\/04\/logo-rund-1533x1536.png 1533w, https:\/\/follow-me-dogs.ch\/wp-content\/uploads\/2024\/04\/logo-rund-2044x2048.png 2044w, https:\/\/follow-me-dogs.ch\/wp-content\/uploads\/2024\/04\/logo-rund-1568x1571.png 1568w\" sizes=\"(max-width: 1022px) 100vw, 1022px\" \/><\/figure>\n","protected":false},"excerpt":{"rendered":"<p>Claudia Rindler Mein Ziel in der Ausbildung von Hunden&nbsp; sind nicht konditionierte Kommandos, sondern eine Verbindlichkeit auf sozialer Ebene.&nbsp; Ich m\u00f6chte: &nbsp; -Eine gute Ansprechbarkeit und Impulskontrolle des Hundes.&nbsp; -Ein gutes Verst\u00e4ndnis daf\u00fcr, was man darf und was nicht.&nbsp; -der Hund soll grunds\u00e4tzlich verstehen, wie er sich im normalen Alltag zu verhalten hat. Eine Verbindlichkeit&hellip; <a class=\"more-link\" href=\"https:\/\/follow-me-dogs.ch\/?page_id=6\">Continue reading <span class=\"screen-reader-text\">Claudia Rindler<\/span><\/a><\/p>\n","protected":false},"author":3,"featured_media":0,"parent":0,"menu_order":0,"comment_status":"closed","ping_status":"closed","template":"","meta":{"footnotes":""},"class_list":["post-6","page","type-page","status-publish","hentry","entry"],"yoast_head":"<!-- This site is optimized with the Yoast SEO plugin v23.3 - https:\/\/yoast.com\/wordpress\/plugins\/seo\/ -->\n<title>follow-me-dogs.ch, \u00fcber mich<\/title>\n<meta name=\"description\" content=\"claudia rindler, follow-me-dogs.ch, \u00fcber mich, Hundetraining, social walks, entspannt, klar, fair\" \/>\n<meta name=\"robots\" content=\"index, follow, max-snippet:-1, max-image-preview:large, max-video-preview:-1\" \/>\n<link rel=\"canonical\" href=\"https:\/\/follow-me-dogs.ch\/?page_id=6\" \/>\n<meta property=\"og:locale\" content=\"en_US\" \/>\n<meta property=\"og:type\" content=\"article\" \/>\n<meta property=\"og:title\" content=\"follow-me-dogs.ch, \u00fcber mich\" \/>\n<meta property=\"og:description\" content=\"claudia rindler, follow-me-dogs.ch, \u00fcber mich, Hundetraining, social walks, entspannt, klar, fair\" \/>\n<meta property=\"og:url\" content=\"https:\/\/follow-me-dogs.ch\/?page_id=6\" \/>\n<meta property=\"og:site_name\" content=\"Willkommen\" \/>\n<meta property=\"article:modified_time\" content=\"2026-01-27T18:36:21+00:00\" \/>\n<meta property=\"og:image\" content=\"https:\/\/follow-me-dogs.ch\/wp-content\/uploads\/2023\/09\/damien.jpeg\" \/>\n<meta name=\"twitter:card\" content=\"summary_large_image\" \/>\n<meta name=\"twitter:label1\" content=\"Est. reading time\" \/>\n\t<meta name=\"twitter:data1\" content=\"5 minutes\" \/>\n<script type=\"application\/ld+json\" class=\"yoast-schema-graph\">{\"@context\":\"https:\/\/schema.org\",\"@graph\":[{\"@type\":\"WebPage\",\"@id\":\"https:\/\/follow-me-dogs.ch\/?page_id=6\",\"url\":\"https:\/\/follow-me-dogs.ch\/?page_id=6\",\"name\":\"follow-me-dogs.ch, \u00fcber mich\",\"isPartOf\":{\"@id\":\"https:\/\/follow-me-dogs.ch\/#website\"},\"primaryImageOfPage\":{\"@id\":\"https:\/\/follow-me-dogs.ch\/?page_id=6#primaryimage\"},\"image\":{\"@id\":\"https:\/\/follow-me-dogs.ch\/?page_id=6#primaryimage\"},\"thumbnailUrl\":\"https:\/\/follow-me-dogs.ch\/wp-content\/uploads\/2023\/09\/damien.jpeg\",\"datePublished\":\"2023-09-14T04:27:01+00:00\",\"dateModified\":\"2026-01-27T18:36:21+00:00\",\"description\":\"claudia rindler, follow-me-dogs.ch, \u00fcber mich, Hundetraining, social walks, entspannt, klar, fair\",\"breadcrumb\":{\"@id\":\"https:\/\/follow-me-dogs.ch\/?page_id=6#breadcrumb\"},\"inLanguage\":\"en-US\",\"potentialAction\":[{\"@type\":\"ReadAction\",\"target\":[\"https:\/\/follow-me-dogs.ch\/?page_id=6\"]}]},{\"@type\":\"ImageObject\",\"inLanguage\":\"en-US\",\"@id\":\"https:\/\/follow-me-dogs.ch\/?page_id=6#primaryimage\",\"url\":\"https:\/\/follow-me-dogs.ch\/wp-content\/uploads\/2023\/09\/damien.jpeg\",\"contentUrl\":\"https:\/\/follow-me-dogs.ch\/wp-content\/uploads\/2023\/09\/damien.jpeg\",\"width\":540,\"height\":720},{\"@type\":\"BreadcrumbList\",\"@id\":\"https:\/\/follow-me-dogs.ch\/?page_id=6#breadcrumb\",\"itemListElement\":[{\"@type\":\"ListItem\",\"position\":1,\"name\":\"Home\",\"item\":\"https:\/\/follow-me-dogs.ch\/\"},{\"@type\":\"ListItem\",\"position\":2,\"name\":\"Claudia Rindler\"}]},{\"@type\":\"WebSite\",\"@id\":\"https:\/\/follow-me-dogs.ch\/#website\",\"url\":\"https:\/\/follow-me-dogs.ch\/\",\"name\":\"follow-me-dogs.ch\",\"description\":\"Kontakt: info@follow-me-dogs.ch\",\"publisher\":{\"@id\":\"https:\/\/follow-me-dogs.ch\/#organization\"},\"potentialAction\":[{\"@type\":\"SearchAction\",\"target\":{\"@type\":\"EntryPoint\",\"urlTemplate\":\"https:\/\/follow-me-dogs.ch\/?s={search_term_string}\"},\"query-input\":\"required name=search_term_string\"}],\"inLanguage\":\"en-US\"},{\"@type\":\"Organization\",\"@id\":\"https:\/\/follow-me-dogs.ch\/#organization\",\"name\":\"follow-me-dogs.ch\",\"url\":\"https:\/\/follow-me-dogs.ch\/\",\"logo\":{\"@type\":\"ImageObject\",\"inLanguage\":\"en-US\",\"@id\":\"https:\/\/follow-me-dogs.ch\/#\/schema\/logo\/image\/\",\"url\":\"https:\/\/follow-me-dogs.ch\/wp-content\/uploads\/2023\/09\/logo-1-1.png\",\"contentUrl\":\"https:\/\/follow-me-dogs.ch\/wp-content\/uploads\/2023\/09\/logo-1-1.png\",\"width\":873,\"height\":908,\"caption\":\"follow-me-dogs.ch\"},\"image\":{\"@id\":\"https:\/\/follow-me-dogs.ch\/#\/schema\/logo\/image\/\"}}]}<\/script>\n<!-- \/ Yoast SEO plugin. -->","yoast_head_json":{"title":"follow-me-dogs.ch, \u00fcber mich","description":"claudia rindler, follow-me-dogs.ch, \u00fcber mich, Hundetraining, social walks, entspannt, klar, fair","robots":{"index":"index","follow":"follow","max-snippet":"max-snippet:-1","max-image-preview":"max-image-preview:large","max-video-preview":"max-video-preview:-1"},"canonical":"https:\/\/follow-me-dogs.ch\/?page_id=6","og_locale":"en_US","og_type":"article","og_title":"follow-me-dogs.ch, \u00fcber mich","og_description":"claudia rindler, follow-me-dogs.ch, \u00fcber mich, Hundetraining, social walks, entspannt, klar, fair","og_url":"https:\/\/follow-me-dogs.ch\/?page_id=6","og_site_name":"Willkommen","article_modified_time":"2026-01-27T18:36:21+00:00","og_image":[{"url":"https:\/\/follow-me-dogs.ch\/wp-content\/uploads\/2023\/09\/damien.jpeg"}],"twitter_card":"summary_large_image","twitter_misc":{"Est. reading time":"5 minutes"},"schema":{"@context":"https:\/\/schema.org","@graph":[{"@type":"WebPage","@id":"https:\/\/follow-me-dogs.ch\/?page_id=6","url":"https:\/\/follow-me-dogs.ch\/?page_id=6","name":"follow-me-dogs.ch, \u00fcber mich","isPartOf":{"@id":"https:\/\/follow-me-dogs.ch\/#website"},"primaryImageOfPage":{"@id":"https:\/\/follow-me-dogs.ch\/?page_id=6#primaryimage"},"image":{"@id":"https:\/\/follow-me-dogs.ch\/?page_id=6#primaryimage"},"thumbnailUrl":"https:\/\/follow-me-dogs.ch\/wp-content\/uploads\/2023\/09\/damien.jpeg","datePublished":"2023-09-14T04:27:01+00:00","dateModified":"2026-01-27T18:36:21+00:00","description":"claudia rindler, follow-me-dogs.ch, \u00fcber mich, Hundetraining, social walks, entspannt, klar, fair","breadcrumb":{"@id":"https:\/\/follow-me-dogs.ch\/?page_id=6#breadcrumb"},"inLanguage":"en-US","potentialAction":[{"@type":"ReadAction","target":["https:\/\/follow-me-dogs.ch\/?page_id=6"]}]},{"@type":"ImageObject","inLanguage":"en-US","@id":"https:\/\/follow-me-dogs.ch\/?page_id=6#primaryimage","url":"https:\/\/follow-me-dogs.ch\/wp-content\/uploads\/2023\/09\/damien.jpeg","contentUrl":"https:\/\/follow-me-dogs.ch\/wp-content\/uploads\/2023\/09\/damien.jpeg","width":540,"height":720},{"@type":"BreadcrumbList","@id":"https:\/\/follow-me-dogs.ch\/?page_id=6#breadcrumb","itemListElement":[{"@type":"ListItem","position":1,"name":"Home","item":"https:\/\/follow-me-dogs.ch\/"},{"@type":"ListItem","position":2,"name":"Claudia Rindler"}]},{"@type":"WebSite","@id":"https:\/\/follow-me-dogs.ch\/#website","url":"https:\/\/follow-me-dogs.ch\/","name":"follow-me-dogs.ch","description":"Kontakt: info@follow-me-dogs.ch","publisher":{"@id":"https:\/\/follow-me-dogs.ch\/#organization"},"potentialAction":[{"@type":"SearchAction","target":{"@type":"EntryPoint","urlTemplate":"https:\/\/follow-me-dogs.ch\/?s={search_term_string}"},"query-input":"required name=search_term_string"}],"inLanguage":"en-US"},{"@type":"Organization","@id":"https:\/\/follow-me-dogs.ch\/#organization","name":"follow-me-dogs.ch","url":"https:\/\/follow-me-dogs.ch\/","logo":{"@type":"ImageObject","inLanguage":"en-US","@id":"https:\/\/follow-me-dogs.ch\/#\/schema\/logo\/image\/","url":"https:\/\/follow-me-dogs.ch\/wp-content\/uploads\/2023\/09\/logo-1-1.png","contentUrl":"https:\/\/follow-me-dogs.ch\/wp-content\/uploads\/2023\/09\/logo-1-1.png","width":873,"height":908,"caption":"follow-me-dogs.ch"},"image":{"@id":"https:\/\/follow-me-dogs.ch\/#\/schema\/logo\/image\/"}}]}},"_links":{"self":[{"href":"https:\/\/follow-me-dogs.ch\/index.php?rest_route=\/wp\/v2\/pages\/6"}],"collection":[{"href":"https:\/\/follow-me-dogs.ch\/index.php?rest_route=\/wp\/v2\/pages"}],"about":[{"href":"https:\/\/follow-me-dogs.ch\/index.php?rest_route=\/wp\/v2\/types\/page"}],"author":[{"embeddable":true,"href":"https:\/\/follow-me-dogs.ch\/index.php?rest_route=\/wp\/v2\/users\/3"}],"replies":[{"embeddable":true,"href":"https:\/\/follow-me-dogs.ch\/index.php?rest_route=%2Fwp%2Fv2%2Fcomments&post=6"}],"version-history":[{"count":16,"href":"https:\/\/follow-me-dogs.ch\/index.php?rest_route=\/wp\/v2\/pages\/6\/revisions"}],"predecessor-version":[{"id":217,"href":"https:\/\/follow-me-dogs.ch\/index.php?rest_route=\/wp\/v2\/pages\/6\/revisions\/217"}],"wp:attachment":[{"href":"https:\/\/follow-me-dogs.ch\/index.php?rest_route=%2Fwp%2Fv2%2Fmedia&parent=6"}],"curies":[{"name":"wp","href":"https:\/\/api.w.org\/{rel}","templated":true}]}}